{"id":18537,"date":"2016-04-07T23:52:26","date_gmt":"2016-04-08T04:52:26","guid":{"rendered":"https:\/\/sanmiguelwritersconference.org\/2023-02-presentacion-libro-bilingue-rodrigo-diaz-2\/about-our-logo\/"},"modified":"2024-08-24T11:53:59","modified_gmt":"2024-08-24T17:53:59","slug":"nuestor-logotipo","status":"publish","type":"page","link":"https:\/\/sanmiguelwritersconference.org\/es\/nuestor-logotipo\/","title":{"rendered":"Nuestro Logotipo"},"content":{"rendered":"\n<div class=\"wp-block-columns is-layout-flex wp-container-core-columns-is-layout-28f84493 wp-block-columns-is-layout-flex\">\n<div class=\"wp-block-column is-layout-flow wp-block-column-is-layout-flow\">\n<figure class=\"wp-block-image alignleft\"><img decoding=\"async\" src=\"https:\/\/sanmiguelwritersconference.org\/wp-content\/uploads\/2016\/03\/square-logo-1.jpg\" alt=\"square-logo\" class=\"wp-image-1732\"\/><\/figure>\n\n\n\n<p>Artista\/dise\u00f1ador: Mart\u00ed Riba<\/p>\n\n\n\n<p>San Miguel, un asentamiento originalmente llamado Izcuinapan (\u201cR\u00edo del perro\u201d) por los pueblos originarios, fue fundado cerca de un manantial de agua llamado El Chorro. Las aguas cristalinas fueron descubiertas por los sedientos perros de Fray Bernardo de Cossin durante una expedici\u00f3n. Este nuevo manantial suministr\u00f3 agua a la creciente ciudad durante muchos a\u00f1os y sigue siendo un lugar donde fluyen aguas para los lavaderos p\u00fablicos.&nbsp;<\/p>\n\n\n\n<p>Nuestro logotipo est\u00e1 basado en esta hermosa leyenda sobre el origen de San Miguel. Muestra un perro dibujado al estilo ind\u00edgena bebiendo el agua de El Chorro. Esta agua dio lugar a uno de los sitios m\u00e1s impresionantes de la tierra. El perro representa a un animal ancestral que convierte el agua, la sabidur\u00eda y la inspiraci\u00f3n, en hermosas palabras, frases y libros. El s\u00edmbolo une a San Miguel con la celebraci\u00f3n de la palabra escrita que aqu\u00ed se realiza desde hace siglos.<\/p>\n<\/div>\n<\/div>\n","protected":false},"excerpt":{"rendered":"<p>Artista\/dise\u00f1ador: Mart\u00ed Riba San Miguel, un asentamiento originalmente llamado Izcuinapan (\u201cR\u00edo del perro\u201d) por los pueblos originarios, fue fundado cerca de un manantial de agua llamado El Chorro. Las aguas cristalinas fueron descubiertas por los sedientos perros de Fray Bernardo de Cossin durante una expedici\u00f3n. Este nuevo manantial suministr\u00f3 agua a la creciente ciudad durante [&hellip;]<\/p>\n","protected":false},"author":1,"featured_media":0,"parent":0,"menu_order":0,"comment_status":"closed","ping_status":"closed","template":"","meta":{"_eb_attr":"","footnotes":""},"class_list":["post-18537","page","type-page","status-publish","hentry"],"mb":[],"yoast_head":"<!-- This site is optimized with the Yoast SEO plugin v27.3 - https:\/\/yoast.com\/product\/yoast-seo-wordpress\/ -->\n<title>Nuestro Logotipo | San Miguel Writers&#039; Conference and Literary Festival<\/title>\n<meta name=\"robots\" content=\"index, follow, max-snippet:-1, max-image-preview:large, max-video-preview:-1\" \/>\n<link rel=\"canonical\" href=\"https:\/\/sanmiguelwritersconference.org\/es\/nuestor-logotipo\/\" \/>\n<meta property=\"og:locale\" content=\"es_ES\" \/>\n<meta property=\"og:type\" content=\"article\" \/>\n<meta property=\"og:title\" content=\"Nuestro Logotipo | San Miguel Writers&#039; Conference and Literary Festival\" \/>\n<meta property=\"og:description\" content=\"Artista\/dise\u00f1ador: Mart\u00ed Riba San Miguel, un asentamiento originalmente llamado Izcuinapan (\u201cR\u00edo del perro\u201d) por los pueblos originarios, fue fundado cerca de un manantial de agua llamado El Chorro. Las aguas cristalinas fueron descubiertas por los sedientos perros de Fray Bernardo de Cossin durante una expedici\u00f3n. Este nuevo manantial suministr\u00f3 agua a la creciente ciudad durante [&hellip;]\" \/>\n<meta property=\"og:url\" content=\"https:\/\/sanmiguelwritersconference.org\/es\/nuestor-logotipo\/\" \/>\n<meta property=\"og:site_name\" content=\"San Miguel Writers&#039; Conference and Literary Festival\" \/>\n<meta property=\"article:publisher\" content=\"https:\/\/www.facebook.com\/SMWritersconference\/\" \/>\n<meta property=\"article:modified_time\" content=\"2024-08-24T17:53:59+00:00\" \/>\n<meta property=\"og:image\" content=\"https:\/\/sanmiguelwritersconference.org\/wp-content\/uploads\/2016\/03\/square-logo-1.jpg\" \/>\n<meta name=\"twitter:card\" content=\"summary_large_image\" \/>\n<meta name=\"twitter:site\" content=\"@smawriterscon\" \/>\n<script type=\"application\/ld+json\" class=\"yoast-schema-graph\">{\"@context\":\"https:\\\/\\\/schema.org\",\"@graph\":[{\"@type\":\"WebPage\",\"@id\":\"https:\\\/\\\/sanmiguelwritersconference.org\\\/es\\\/nuestor-logotipo\\\/\",\"url\":\"https:\\\/\\\/sanmiguelwritersconference.org\\\/es\\\/nuestor-logotipo\\\/\",\"name\":\"Nuestro Logotipo | San Miguel Writers&#039; Conference and Literary Festival\",\"isPartOf\":{\"@id\":\"https:\\\/\\\/sanmiguelwritersconference.org\\\/es\\\/#website\"},\"primaryImageOfPage\":{\"@id\":\"https:\\\/\\\/sanmiguelwritersconference.org\\\/es\\\/nuestor-logotipo\\\/#primaryimage\"},\"image\":{\"@id\":\"https:\\\/\\\/sanmiguelwritersconference.org\\\/es\\\/nuestor-logotipo\\\/#primaryimage\"},\"thumbnailUrl\":\"https:\\\/\\\/sanmiguelwritersconference.org\\\/wp-content\\\/uploads\\\/2016\\\/03\\\/square-logo-1.jpg\",\"datePublished\":\"2016-04-08T04:52:26+00:00\",\"dateModified\":\"2024-08-24T17:53:59+00:00\",\"breadcrumb\":{\"@id\":\"https:\\\/\\\/sanmiguelwritersconference.org\\\/es\\\/nuestor-logotipo\\\/#breadcrumb\"},\"inLanguage\":\"es\",\"potentialAction\":[{\"@type\":\"ReadAction\",\"target\":[\"https:\\\/\\\/sanmiguelwritersconference.org\\\/es\\\/nuestor-logotipo\\\/\"]}]},{\"@type\":\"ImageObject\",\"inLanguage\":\"es\",\"@id\":\"https:\\\/\\\/sanmiguelwritersconference.org\\\/es\\\/nuestor-logotipo\\\/#primaryimage\",\"url\":\"https:\\\/\\\/sanmiguelwritersconference.org\\\/wp-content\\\/uploads\\\/2016\\\/03\\\/square-logo-1.jpg\",\"contentUrl\":\"https:\\\/\\\/sanmiguelwritersconference.org\\\/wp-content\\\/uploads\\\/2016\\\/03\\\/square-logo-1.jpg\"},{\"@type\":\"BreadcrumbList\",\"@id\":\"https:\\\/\\\/sanmiguelwritersconference.org\\\/es\\\/nuestor-logotipo\\\/#breadcrumb\",\"itemListElement\":[{\"@type\":\"ListItem\",\"position\":1,\"name\":\"Home\",\"item\":\"https:\\\/\\\/sanmiguelwritersconference.org\\\/es\\\/\"},{\"@type\":\"ListItem\",\"position\":2,\"name\":\"Nuestro Logotipo\"}]},{\"@type\":\"WebSite\",\"@id\":\"https:\\\/\\\/sanmiguelwritersconference.org\\\/es\\\/#website\",\"url\":\"https:\\\/\\\/sanmiguelwritersconference.org\\\/es\\\/\",\"name\":\"San Miguel Writers' Conference\",\"description\":\"\u00a1Viva la Escritura! Viva Writing!\",\"publisher\":{\"@id\":\"https:\\\/\\\/sanmiguelwritersconference.org\\\/es\\\/#organization\"},\"alternateName\":\"Festival de Escritores\",\"potentialAction\":[{\"@type\":\"SearchAction\",\"target\":{\"@type\":\"EntryPoint\",\"urlTemplate\":\"https:\\\/\\\/sanmiguelwritersconference.org\\\/es\\\/?s={search_term_string}\"},\"query-input\":{\"@type\":\"PropertyValueSpecification\",\"valueRequired\":true,\"valueName\":\"search_term_string\"}}],\"inLanguage\":\"es\"},{\"@type\":\"Organization\",\"@id\":\"https:\\\/\\\/sanmiguelwritersconference.org\\\/es\\\/#organization\",\"name\":\"San Miguel Writers' Conference\",\"url\":\"https:\\\/\\\/sanmiguelwritersconference.org\\\/es\\\/\",\"logo\":{\"@type\":\"ImageObject\",\"inLanguage\":\"es\",\"@id\":\"https:\\\/\\\/sanmiguelwritersconference.org\\\/es\\\/#\\\/schema\\\/logo\\\/image\\\/\",\"url\":\"https:\\\/\\\/sanmiguelwritersconference.org\\\/wp-content\\\/uploads\\\/2022\\\/08\\\/SMWC-Logo.png\",\"contentUrl\":\"https:\\\/\\\/sanmiguelwritersconference.org\\\/wp-content\\\/uploads\\\/2022\\\/08\\\/SMWC-Logo.png\",\"width\":600,\"height\":223,\"caption\":\"San Miguel Writers' Conference\"},\"image\":{\"@id\":\"https:\\\/\\\/sanmiguelwritersconference.org\\\/es\\\/#\\\/schema\\\/logo\\\/image\\\/\"},\"sameAs\":[\"https:\\\/\\\/www.facebook.com\\\/SMWritersconference\\\/\",\"https:\\\/\\\/x.com\\\/smawriterscon\",\"https:\\\/\\\/www.instagram.com\\\/sanmiguelliterarysala\\\/\"]}]}<\/script>\n<!-- \/ Yoast SEO plugin. -->","yoast_head_json":{"title":"Nuestro Logotipo | San Miguel Writers&#039; Conference and Literary Festival","robots":{"index":"index","follow":"follow","max-snippet":"max-snippet:-1","max-image-preview":"max-image-preview:large","max-video-preview":"max-video-preview:-1"},"canonical":"https:\/\/sanmiguelwritersconference.org\/es\/nuestor-logotipo\/","og_locale":"es_ES","og_type":"article","og_title":"Nuestro Logotipo | San Miguel Writers&#039; Conference and Literary Festival","og_description":"Artista\/dise\u00f1ador: Mart\u00ed Riba San Miguel, un asentamiento originalmente llamado Izcuinapan (\u201cR\u00edo del perro\u201d) por los pueblos originarios, fue fundado cerca de un manantial de agua llamado El Chorro. Las aguas cristalinas fueron descubiertas por los sedientos perros de Fray Bernardo de Cossin durante una expedici\u00f3n. Este nuevo manantial suministr\u00f3 agua a la creciente ciudad durante [&hellip;]","og_url":"https:\/\/sanmiguelwritersconference.org\/es\/nuestor-logotipo\/","og_site_name":"San Miguel Writers&#039; Conference and Literary Festival","article_publisher":"https:\/\/www.facebook.com\/SMWritersconference\/","article_modified_time":"2024-08-24T17:53:59+00:00","og_image":[{"url":"https:\/\/sanmiguelwritersconference.org\/wp-content\/uploads\/2016\/03\/square-logo-1.jpg","type":"","width":"","height":""}],"twitter_card":"summary_large_image","twitter_site":"@smawriterscon","schema":{"@context":"https:\/\/schema.org","@graph":[{"@type":"WebPage","@id":"https:\/\/sanmiguelwritersconference.org\/es\/nuestor-logotipo\/","url":"https:\/\/sanmiguelwritersconference.org\/es\/nuestor-logotipo\/","name":"Nuestro Logotipo | San Miguel Writers&#039; Conference and Literary Festival","isPartOf":{"@id":"https:\/\/sanmiguelwritersconference.org\/es\/#website"},"primaryImageOfPage":{"@id":"https:\/\/sanmiguelwritersconference.org\/es\/nuestor-logotipo\/#primaryimage"},"image":{"@id":"https:\/\/sanmiguelwritersconference.org\/es\/nuestor-logotipo\/#primaryimage"},"thumbnailUrl":"https:\/\/sanmiguelwritersconference.org\/wp-content\/uploads\/2016\/03\/square-logo-1.jpg","datePublished":"2016-04-08T04:52:26+00:00","dateModified":"2024-08-24T17:53:59+00:00","breadcrumb":{"@id":"https:\/\/sanmiguelwritersconference.org\/es\/nuestor-logotipo\/#breadcrumb"},"inLanguage":"es","potentialAction":[{"@type":"ReadAction","target":["https:\/\/sanmiguelwritersconference.org\/es\/nuestor-logotipo\/"]}]},{"@type":"ImageObject","inLanguage":"es","@id":"https:\/\/sanmiguelwritersconference.org\/es\/nuestor-logotipo\/#primaryimage","url":"https:\/\/sanmiguelwritersconference.org\/wp-content\/uploads\/2016\/03\/square-logo-1.jpg","contentUrl":"https:\/\/sanmiguelwritersconference.org\/wp-content\/uploads\/2016\/03\/square-logo-1.jpg"},{"@type":"BreadcrumbList","@id":"https:\/\/sanmiguelwritersconference.org\/es\/nuestor-logotipo\/#breadcrumb","itemListElement":[{"@type":"ListItem","position":1,"name":"Home","item":"https:\/\/sanmiguelwritersconference.org\/es\/"},{"@type":"ListItem","position":2,"name":"Nuestro Logotipo"}]},{"@type":"WebSite","@id":"https:\/\/sanmiguelwritersconference.org\/es\/#website","url":"https:\/\/sanmiguelwritersconference.org\/es\/","name":"San Miguel Writers' Conference","description":"\u00a1Viva la Escritura! Viva Writing!","publisher":{"@id":"https:\/\/sanmiguelwritersconference.org\/es\/#organization"},"alternateName":"Festival de Escritores","potentialAction":[{"@type":"SearchAction","target":{"@type":"EntryPoint","urlTemplate":"https:\/\/sanmiguelwritersconference.org\/es\/?s={search_term_string}"},"query-input":{"@type":"PropertyValueSpecification","valueRequired":true,"valueName":"search_term_string"}}],"inLanguage":"es"},{"@type":"Organization","@id":"https:\/\/sanmiguelwritersconference.org\/es\/#organization","name":"San Miguel Writers' Conference","url":"https:\/\/sanmiguelwritersconference.org\/es\/","logo":{"@type":"ImageObject","inLanguage":"es","@id":"https:\/\/sanmiguelwritersconference.org\/es\/#\/schema\/logo\/image\/","url":"https:\/\/sanmiguelwritersconference.org\/wp-content\/uploads\/2022\/08\/SMWC-Logo.png","contentUrl":"https:\/\/sanmiguelwritersconference.org\/wp-content\/uploads\/2022\/08\/SMWC-Logo.png","width":600,"height":223,"caption":"San Miguel Writers' Conference"},"image":{"@id":"https:\/\/sanmiguelwritersconference.org\/es\/#\/schema\/logo\/image\/"},"sameAs":["https:\/\/www.facebook.com\/SMWritersconference\/","https:\/\/x.com\/smawriterscon","https:\/\/www.instagram.com\/sanmiguelliterarysala\/"]}]}},"mfb_rest_fields":["title","yoast_head","yoast_head_json"],"_links":{"self":[{"href":"https:\/\/sanmiguelwritersconference.org\/es\/wp-json\/wp\/v2\/pages\/18537","targetHints":{"allow":["GET"]}}],"collection":[{"href":"https:\/\/sanmiguelwritersconference.org\/es\/wp-json\/wp\/v2\/pages"}],"about":[{"href":"https:\/\/sanmiguelwritersconference.org\/es\/wp-json\/wp\/v2\/types\/page"}],"author":[{"embeddable":true,"href":"https:\/\/sanmiguelwritersconference.org\/es\/wp-json\/wp\/v2\/users\/1"}],"replies":[{"embeddable":true,"href":"https:\/\/sanmiguelwritersconference.org\/es\/wp-json\/wp\/v2\/comments?post=18537"}],"version-history":[{"count":6,"href":"https:\/\/sanmiguelwritersconference.org\/es\/wp-json\/wp\/v2\/pages\/18537\/revisions"}],"predecessor-version":[{"id":19854,"href":"https:\/\/sanmiguelwritersconference.org\/es\/wp-json\/wp\/v2\/pages\/18537\/revisions\/19854"}],"wp:attachment":[{"href":"https:\/\/sanmiguelwritersconference.org\/es\/wp-json\/wp\/v2\/media?parent=18537"}],"curies":[{"name":"wp","href":"https:\/\/api.w.org\/{rel}","templated":true}]}}