{"id":18543,"date":"2024-07-19T07:21:08","date_gmt":"2024-07-19T13:21:08","guid":{"rendered":"https:\/\/sanmiguelwritersconference.org\/vision-mission-values\/"},"modified":"2025-07-29T01:26:15","modified_gmt":"2025-07-29T07:26:15","slug":"vision-mission-valores","status":"publish","type":"page","link":"https:\/\/sanmiguelwritersconference.org\/es\/vision-mission-valores\/","title":{"rendered":"Visi\u00f3n-Misi\u00f3n-Valores"},"content":{"rendered":"\n<figure class=\"wp-block-image size-large\"><img loading=\"lazy\" decoding=\"async\" width=\"1024\" height=\"768\" src=\"https:\/\/sanmiguelwritersconference.org\/wp-content\/uploads\/2024\/07\/hands-1024x768.jpg\" alt=\"\" class=\"wp-image-18082\" srcset=\"https:\/\/sanmiguelwritersconference.org\/wp-content\/uploads\/2024\/07\/hands-1024x768.jpg 1024w, https:\/\/sanmiguelwritersconference.org\/wp-content\/uploads\/2024\/07\/hands-300x225.jpg 300w, https:\/\/sanmiguelwritersconference.org\/wp-content\/uploads\/2024\/07\/hands-768x576.jpg 768w, https:\/\/sanmiguelwritersconference.org\/wp-content\/uploads\/2024\/07\/hands-1536x1152.jpg 1536w, https:\/\/sanmiguelwritersconference.org\/wp-content\/uploads\/2024\/07\/hands-2048x1536.jpg 2048w, https:\/\/sanmiguelwritersconference.org\/wp-content\/uploads\/2024\/07\/hands-600x450.jpg 600w\" sizes=\"auto, (max-width: 1024px) 100vw, 1024px\" \/><\/figure>\n\n\n\n<div style=\"height:20px\" aria-hidden=\"true\" class=\"wp-block-spacer\"><\/div>\n\n\n\n<h2 class=\"wp-block-heading has-text-align-center highlight has-base-color has-accent-3-background-color has-text-color has-background has-link-color wp-elements-9847a45b3464b1767010ef28363aab09\">VISI\u00d3N<\/h2>\n\n\n\n<p>El Festival de Escritores y Literatura en San Miguel es un evento literario internacional de primer nivel, situado en el vibrante coraz\u00f3n cultural de M\u00e9xico. Nuestra visi\u00f3n es inspirar y enriquecer las vidas de escritores y lectores de todas las edades, mientras fomentamos nuevas conexiones personales y profesionales.<\/p>\n\n\n\n<div style=\"height:20px\" aria-hidden=\"true\" class=\"wp-block-spacer\"><\/div>\n\n\n\n<h2 class=\"wp-block-heading has-text-align-center highlight has-base-color has-accent-3-background-color has-text-color has-background has-link-color wp-elements-64ecbc2238df687b719d3bfc20853461\">MISI\u00d3N<\/h2>\n\n\n\n<p>Celebrar el arte de escribir, leer y forjar conexiones literarias a lo largo de M\u00e9xico, Canad\u00e1 y Estados Unidos.<\/p>\n\n\n\n<div style=\"height:20px\" aria-hidden=\"true\" class=\"wp-block-spacer\"><\/div>\n\n\n\n<h2 class=\"wp-block-heading has-text-align-center highlight has-base-color has-accent-3-background-color has-text-color has-background has-link-color wp-elements-8a23b7dd9de6ca0ab3ff26663407dd88\">VALORES<\/h2>\n\n\n\n<p><strong>Comunidad<\/strong><br>Fomentamos una emocionante y diversa comunidad de escritores y lectores promoviendo la colaboraci\u00f3n, el apoyo mutuo y la interacci\u00f3n entre nosotros y nuestra comunidad local en general.<\/p>\n\n\n\n<p><strong>Conexi\u00f3n<\/strong><br>Priorizamos la conexi\u00f3n al nutrir un esp\u00edritu de colaboraci\u00f3n, empat\u00eda y apoyo, lo que contribuye al crecimiento de nuestros miembros del equipo, voluntarios, asistentes y la comunidad en general.<\/p>\n\n\n\n<p><strong>Inclusi\u00f3n<\/strong><br>Estamos arraigados en el principio de inclusi\u00f3n, donde se celebran las diferencias y se valoran y escuchan todas las voces de diversos antecedentes culturales y ling\u00fc\u00edsticos, y donde todos nos sentimos respetados y empoderados.<\/p>\n\n\n\n<p><strong>Excelencia<\/strong><br>Personificamos una cultura de excelencia y mantenemos altos est\u00e1ndares, priorizando el profesionalismo, la innovaci\u00f3n y la mejora continua.<\/p>\n\n\n\n<p><strong>Sentido de Lugar<\/strong><br>Nos esforzamos por proporcionar una experiencia de festival \u00fanica que refleje la esencia de San Miguel de Allende y celebre su rica historia cultural, patrimonio y amor por las artes.<\/p>\n\n\n\n<p><strong>Diversi\u00f3n<\/strong><br>Infundimos alegr\u00eda y entusiasmo en nuestro trabajo y fomentamos un festival animado y entretenido que celebra el placer de la literatura y el intercambio cultural, ofreciendo actividades atractivas, sesiones interactivas y oportunidades para la risa y la conexi\u00f3n.<\/p>\n","protected":false},"excerpt":{"rendered":"<p>VISI\u00d3N El Festival de Escritores y Literatura en San Miguel es un evento literario internacional de primer nivel, situado en el vibrante coraz\u00f3n cultural de M\u00e9xico. Nuestra visi\u00f3n es inspirar y enriquecer las vidas de escritores y lectores de todas las edades, mientras fomentamos nuevas conexiones personales y profesionales. MISI\u00d3N Celebrar el arte de escribir, [&hellip;]<\/p>\n","protected":false},"author":1,"featured_media":0,"parent":0,"menu_order":0,"comment_status":"closed","ping_status":"closed","template":"","meta":{"_eb_attr":"","footnotes":""},"class_list":["post-18543","page","type-page","status-publish","hentry"],"yoast_head":"<!-- This site is optimized with the Yoast SEO plugin v27.3 - https:\/\/yoast.com\/product\/yoast-seo-wordpress\/ -->\n<title>Visi\u00f3n-Misi\u00f3n-Valores | San Miguel Writers&#039; Conference and Literary Festival<\/title>\n<meta name=\"robots\" content=\"index, follow, max-snippet:-1, max-image-preview:large, max-video-preview:-1\" \/>\n<link rel=\"canonical\" href=\"https:\/\/sanmiguelwritersconference.org\/es\/vision-mission-valores\/\" \/>\n<meta property=\"og:locale\" content=\"es_ES\" \/>\n<meta property=\"og:type\" content=\"article\" \/>\n<meta property=\"og:title\" content=\"Visi\u00f3n-Misi\u00f3n-Valores | San Miguel Writers&#039; Conference and Literary Festival\" \/>\n<meta property=\"og:description\" content=\"VISI\u00d3N El Festival de Escritores y Literatura en San Miguel es un evento literario internacional de primer nivel, situado en el vibrante coraz\u00f3n cultural de M\u00e9xico. Nuestra visi\u00f3n es inspirar y enriquecer las vidas de escritores y lectores de todas las edades, mientras fomentamos nuevas conexiones personales y profesionales. MISI\u00d3N Celebrar el arte de escribir, [&hellip;]\" \/>\n<meta property=\"og:url\" content=\"https:\/\/sanmiguelwritersconference.org\/es\/vision-mission-valores\/\" \/>\n<meta property=\"og:site_name\" content=\"San Miguel Writers&#039; Conference and Literary Festival\" \/>\n<meta property=\"article:publisher\" content=\"https:\/\/www.facebook.com\/SMWritersconference\/\" \/>\n<meta property=\"article:modified_time\" content=\"2025-07-29T07:26:15+00:00\" \/>\n<meta property=\"og:image\" content=\"https:\/\/sanmiguelwritersconference.org\/wp-content\/uploads\/2024\/07\/hands-1024x768.jpg\" \/>\n<meta name=\"twitter:card\" content=\"summary_large_image\" \/>\n<meta name=\"twitter:site\" content=\"@smawriterscon\" \/>\n<script type=\"application\/ld+json\" class=\"yoast-schema-graph\">{\"@context\":\"https:\\\/\\\/schema.org\",\"@graph\":[{\"@type\":\"WebPage\",\"@id\":\"https:\\\/\\\/sanmiguelwritersconference.org\\\/es\\\/vision-mission-valores\\\/\",\"url\":\"https:\\\/\\\/sanmiguelwritersconference.org\\\/es\\\/vision-mission-valores\\\/\",\"name\":\"Visi\u00f3n-Misi\u00f3n-Valores | San Miguel Writers&#039; Conference and Literary Festival\",\"isPartOf\":{\"@id\":\"https:\\\/\\\/sanmiguelwritersconference.org\\\/es\\\/#website\"},\"primaryImageOfPage\":{\"@id\":\"https:\\\/\\\/sanmiguelwritersconference.org\\\/es\\\/vision-mission-valores\\\/#primaryimage\"},\"image\":{\"@id\":\"https:\\\/\\\/sanmiguelwritersconference.org\\\/es\\\/vision-mission-valores\\\/#primaryimage\"},\"thumbnailUrl\":\"https:\\\/\\\/sanmiguelwritersconference.org\\\/wp-content\\\/uploads\\\/2024\\\/07\\\/hands-1024x768.jpg\",\"datePublished\":\"2024-07-19T13:21:08+00:00\",\"dateModified\":\"2025-07-29T07:26:15+00:00\",\"breadcrumb\":{\"@id\":\"https:\\\/\\\/sanmiguelwritersconference.org\\\/es\\\/vision-mission-valores\\\/#breadcrumb\"},\"inLanguage\":\"es\",\"potentialAction\":[{\"@type\":\"ReadAction\",\"target\":[\"https:\\\/\\\/sanmiguelwritersconference.org\\\/es\\\/vision-mission-valores\\\/\"]}]},{\"@type\":\"ImageObject\",\"inLanguage\":\"es\",\"@id\":\"https:\\\/\\\/sanmiguelwritersconference.org\\\/es\\\/vision-mission-valores\\\/#primaryimage\",\"url\":\"https:\\\/\\\/sanmiguelwritersconference.org\\\/wp-content\\\/uploads\\\/2024\\\/07\\\/hands-1024x768.jpg\",\"contentUrl\":\"https:\\\/\\\/sanmiguelwritersconference.org\\\/wp-content\\\/uploads\\\/2024\\\/07\\\/hands-1024x768.jpg\"},{\"@type\":\"BreadcrumbList\",\"@id\":\"https:\\\/\\\/sanmiguelwritersconference.org\\\/es\\\/vision-mission-valores\\\/#breadcrumb\",\"itemListElement\":[{\"@type\":\"ListItem\",\"position\":1,\"name\":\"Home\",\"item\":\"https:\\\/\\\/sanmiguelwritersconference.org\\\/es\\\/\"},{\"@type\":\"ListItem\",\"position\":2,\"name\":\"Visi\u00f3n-Misi\u00f3n-Valores\"}]},{\"@type\":\"WebSite\",\"@id\":\"https:\\\/\\\/sanmiguelwritersconference.org\\\/es\\\/#website\",\"url\":\"https:\\\/\\\/sanmiguelwritersconference.org\\\/es\\\/\",\"name\":\"San Miguel Writers' Conference\",\"description\":\"\u00a1Viva la Escritura! Viva Writing!\",\"publisher\":{\"@id\":\"https:\\\/\\\/sanmiguelwritersconference.org\\\/es\\\/#organization\"},\"alternateName\":\"Festival de Escritores\",\"potentialAction\":[{\"@type\":\"SearchAction\",\"target\":{\"@type\":\"EntryPoint\",\"urlTemplate\":\"https:\\\/\\\/sanmiguelwritersconference.org\\\/es\\\/?s={search_term_string}\"},\"query-input\":{\"@type\":\"PropertyValueSpecification\",\"valueRequired\":true,\"valueName\":\"search_term_string\"}}],\"inLanguage\":\"es\"},{\"@type\":\"Organization\",\"@id\":\"https:\\\/\\\/sanmiguelwritersconference.org\\\/es\\\/#organization\",\"name\":\"San Miguel Writers' Conference\",\"url\":\"https:\\\/\\\/sanmiguelwritersconference.org\\\/es\\\/\",\"logo\":{\"@type\":\"ImageObject\",\"inLanguage\":\"es\",\"@id\":\"https:\\\/\\\/sanmiguelwritersconference.org\\\/es\\\/#\\\/schema\\\/logo\\\/image\\\/\",\"url\":\"https:\\\/\\\/sanmiguelwritersconference.org\\\/wp-content\\\/uploads\\\/2022\\\/08\\\/SMWC-Logo.png\",\"contentUrl\":\"https:\\\/\\\/sanmiguelwritersconference.org\\\/wp-content\\\/uploads\\\/2022\\\/08\\\/SMWC-Logo.png\",\"width\":600,\"height\":223,\"caption\":\"San Miguel Writers' Conference\"},\"image\":{\"@id\":\"https:\\\/\\\/sanmiguelwritersconference.org\\\/es\\\/#\\\/schema\\\/logo\\\/image\\\/\"},\"sameAs\":[\"https:\\\/\\\/www.facebook.com\\\/SMWritersconference\\\/\",\"https:\\\/\\\/x.com\\\/smawriterscon\",\"https:\\\/\\\/www.instagram.com\\\/sanmiguelliterarysala\\\/\"]}]}<\/script>\n<!-- \/ Yoast SEO plugin. -->","yoast_head_json":{"title":"Visi\u00f3n-Misi\u00f3n-Valores | San Miguel Writers&#039; Conference and Literary Festival","robots":{"index":"index","follow":"follow","max-snippet":"max-snippet:-1","max-image-preview":"max-image-preview:large","max-video-preview":"max-video-preview:-1"},"canonical":"https:\/\/sanmiguelwritersconference.org\/es\/vision-mission-valores\/","og_locale":"es_ES","og_type":"article","og_title":"Visi\u00f3n-Misi\u00f3n-Valores | San Miguel Writers&#039; Conference and Literary Festival","og_description":"VISI\u00d3N El Festival de Escritores y Literatura en San Miguel es un evento literario internacional de primer nivel, situado en el vibrante coraz\u00f3n cultural de M\u00e9xico. Nuestra visi\u00f3n es inspirar y enriquecer las vidas de escritores y lectores de todas las edades, mientras fomentamos nuevas conexiones personales y profesionales. MISI\u00d3N Celebrar el arte de escribir, [&hellip;]","og_url":"https:\/\/sanmiguelwritersconference.org\/es\/vision-mission-valores\/","og_site_name":"San Miguel Writers&#039; Conference and Literary Festival","article_publisher":"https:\/\/www.facebook.com\/SMWritersconference\/","article_modified_time":"2025-07-29T07:26:15+00:00","og_image":[{"url":"https:\/\/sanmiguelwritersconference.org\/wp-content\/uploads\/2024\/07\/hands-1024x768.jpg","type":"","width":"","height":""}],"twitter_card":"summary_large_image","twitter_site":"@smawriterscon","schema":{"@context":"https:\/\/schema.org","@graph":[{"@type":"WebPage","@id":"https:\/\/sanmiguelwritersconference.org\/es\/vision-mission-valores\/","url":"https:\/\/sanmiguelwritersconference.org\/es\/vision-mission-valores\/","name":"Visi\u00f3n-Misi\u00f3n-Valores | San Miguel Writers&#039; Conference and Literary Festival","isPartOf":{"@id":"https:\/\/sanmiguelwritersconference.org\/es\/#website"},"primaryImageOfPage":{"@id":"https:\/\/sanmiguelwritersconference.org\/es\/vision-mission-valores\/#primaryimage"},"image":{"@id":"https:\/\/sanmiguelwritersconference.org\/es\/vision-mission-valores\/#primaryimage"},"thumbnailUrl":"https:\/\/sanmiguelwritersconference.org\/wp-content\/uploads\/2024\/07\/hands-1024x768.jpg","datePublished":"2024-07-19T13:21:08+00:00","dateModified":"2025-07-29T07:26:15+00:00","breadcrumb":{"@id":"https:\/\/sanmiguelwritersconference.org\/es\/vision-mission-valores\/#breadcrumb"},"inLanguage":"es","potentialAction":[{"@type":"ReadAction","target":["https:\/\/sanmiguelwritersconference.org\/es\/vision-mission-valores\/"]}]},{"@type":"ImageObject","inLanguage":"es","@id":"https:\/\/sanmiguelwritersconference.org\/es\/vision-mission-valores\/#primaryimage","url":"https:\/\/sanmiguelwritersconference.org\/wp-content\/uploads\/2024\/07\/hands-1024x768.jpg","contentUrl":"https:\/\/sanmiguelwritersconference.org\/wp-content\/uploads\/2024\/07\/hands-1024x768.jpg"},{"@type":"BreadcrumbList","@id":"https:\/\/sanmiguelwritersconference.org\/es\/vision-mission-valores\/#breadcrumb","itemListElement":[{"@type":"ListItem","position":1,"name":"Home","item":"https:\/\/sanmiguelwritersconference.org\/es\/"},{"@type":"ListItem","position":2,"name":"Visi\u00f3n-Misi\u00f3n-Valores"}]},{"@type":"WebSite","@id":"https:\/\/sanmiguelwritersconference.org\/es\/#website","url":"https:\/\/sanmiguelwritersconference.org\/es\/","name":"San Miguel Writers' Conference","description":"\u00a1Viva la Escritura! Viva Writing!","publisher":{"@id":"https:\/\/sanmiguelwritersconference.org\/es\/#organization"},"alternateName":"Festival de Escritores","potentialAction":[{"@type":"SearchAction","target":{"@type":"EntryPoint","urlTemplate":"https:\/\/sanmiguelwritersconference.org\/es\/?s={search_term_string}"},"query-input":{"@type":"PropertyValueSpecification","valueRequired":true,"valueName":"search_term_string"}}],"inLanguage":"es"},{"@type":"Organization","@id":"https:\/\/sanmiguelwritersconference.org\/es\/#organization","name":"San Miguel Writers' Conference","url":"https:\/\/sanmiguelwritersconference.org\/es\/","logo":{"@type":"ImageObject","inLanguage":"es","@id":"https:\/\/sanmiguelwritersconference.org\/es\/#\/schema\/logo\/image\/","url":"https:\/\/sanmiguelwritersconference.org\/wp-content\/uploads\/2022\/08\/SMWC-Logo.png","contentUrl":"https:\/\/sanmiguelwritersconference.org\/wp-content\/uploads\/2022\/08\/SMWC-Logo.png","width":600,"height":223,"caption":"San Miguel Writers' Conference"},"image":{"@id":"https:\/\/sanmiguelwritersconference.org\/es\/#\/schema\/logo\/image\/"},"sameAs":["https:\/\/www.facebook.com\/SMWritersconference\/","https:\/\/x.com\/smawriterscon","https:\/\/www.instagram.com\/sanmiguelliterarysala\/"]}]}},"mfb_rest_fields":["yoast_head","yoast_head_json"],"_links":{"self":[{"href":"https:\/\/sanmiguelwritersconference.org\/es\/wp-json\/wp\/v2\/pages\/18543","targetHints":{"allow":["GET"]}}],"collection":[{"href":"https:\/\/sanmiguelwritersconference.org\/es\/wp-json\/wp\/v2\/pages"}],"about":[{"href":"https:\/\/sanmiguelwritersconference.org\/es\/wp-json\/wp\/v2\/types\/page"}],"author":[{"embeddable":true,"href":"https:\/\/sanmiguelwritersconference.org\/es\/wp-json\/wp\/v2\/users\/1"}],"replies":[{"embeddable":true,"href":"https:\/\/sanmiguelwritersconference.org\/es\/wp-json\/wp\/v2\/comments?post=18543"}],"version-history":[{"count":5,"href":"https:\/\/sanmiguelwritersconference.org\/es\/wp-json\/wp\/v2\/pages\/18543\/revisions"}],"predecessor-version":[{"id":27405,"href":"https:\/\/sanmiguelwritersconference.org\/es\/wp-json\/wp\/v2\/pages\/18543\/revisions\/27405"}],"wp:attachment":[{"href":"https:\/\/sanmiguelwritersconference.org\/es\/wp-json\/wp\/v2\/media?parent=18543"}],"curies":[{"name":"wp","href":"https:\/\/api.w.org\/{rel}","templated":true}]}}