{"id":18833,"date":"2024-07-25T06:42:55","date_gmt":"2024-07-25T12:42:55","guid":{"rendered":"https:\/\/sanmiguelwritersconference.org\/media-kit\/"},"modified":"2025-07-30T11:01:04","modified_gmt":"2025-07-30T17:01:04","slug":"prensa","status":"publish","type":"page","link":"https:\/\/sanmiguelwritersconference.org\/es\/prensa\/","title":{"rendered":"Prensa"},"content":{"rendered":"\n<p>Redes Sociales:<\/p>\n\n\n\n<p><em>Ingl\u00e9s<\/em><\/p>\n\n\n\n<ul class=\"wp-block-list\">\n<li>Facebook.com\/SMWritersconference<\/li>\n\n\n\n<li>X: @SMAWritersCon<\/li>\n\n\n\n<li>Instagram: @smwritersconference<\/li>\n\n\n\n<li>YouTube: @sanmiguelliterarysalaa.c.9386<\/li>\n<\/ul>\n\n\n\n<p><em>Espa\u00f1ol<\/em><\/p>\n\n\n\n<ul class=\"wp-block-list\">\n<li>Facebook.com\/FestivalEscritores<\/li>\n\n\n\n<li>Instagram: @sanmiguelfestivalescritores<\/li>\n\n\n\n<li>X: @Literatura_Fest<\/li>\n<\/ul>\n\n\n\n<div style=\"height:50px\" aria-hidden=\"true\" class=\"wp-block-spacer\"><\/div>\n\n\n\n<p class=\"has-text-align-center\">COMIT\u00c9 DEL FESTIVAL<\/p>\n\n\n\n<figure class=\"wp-block-gallery has-nested-images columns-4 is-cropped wp-block-gallery-1 is-layout-flex wp-block-gallery-is-layout-flex\">\n<figure class=\"wp-block-image size-large\"><img loading=\"lazy\" decoding=\"async\" width=\"475\" height=\"475\" data-id=\"1117\" src=\"https:\/\/sanmiguelwritersconference.org\/wp-content\/uploads\/2020\/07\/Susan-Page.jpg\" alt=\"Susan Page\" class=\"wp-image-1117\" srcset=\"https:\/\/sanmiguelwritersconference.org\/wp-content\/uploads\/2020\/07\/Susan-Page.jpg 475w, https:\/\/sanmiguelwritersconference.org\/wp-content\/uploads\/2020\/07\/Susan-Page-450x450.jpg 450w, https:\/\/sanmiguelwritersconference.org\/wp-content\/uploads\/2020\/07\/Susan-Page-100x100.jpg 100w, https:\/\/sanmiguelwritersconference.org\/wp-content\/uploads\/2020\/07\/Susan-Page-300x300.jpg 300w, https:\/\/sanmiguelwritersconference.org\/wp-content\/uploads\/2020\/07\/Susan-Page-150x150.jpg 150w\" sizes=\"auto, (max-width: 475px) 100vw, 475px\" \/><figcaption class=\"wp-element-caption\">Susan Page, President and Founder<\/figcaption><\/figure>\n\n\n\n<figure class=\"wp-block-image size-full\"><img loading=\"lazy\" decoding=\"async\" width=\"400\" height=\"400\" data-id=\"27414\" src=\"https:\/\/sanmiguelwritersconference.org\/wp-content\/uploads\/2025\/07\/Jodi.png\" alt=\"Jodi Pincus\" class=\"wp-image-27414\" srcset=\"https:\/\/sanmiguelwritersconference.org\/wp-content\/uploads\/2025\/07\/Jodi.png 400w, https:\/\/sanmiguelwritersconference.org\/wp-content\/uploads\/2025\/07\/Jodi-300x300.png 300w, https:\/\/sanmiguelwritersconference.org\/wp-content\/uploads\/2025\/07\/Jodi-150x150.png 150w, https:\/\/sanmiguelwritersconference.org\/wp-content\/uploads\/2025\/07\/Jodi-100x100.png 100w\" sizes=\"auto, (max-width: 400px) 100vw, 400px\" \/><figcaption class=\"wp-element-caption\">Jodi Pincus, Executive Director<\/figcaption><\/figure>\n\n\n\n<figure class=\"wp-block-image size-large\"><img loading=\"lazy\" decoding=\"async\" width=\"1024\" height=\"1009\" data-id=\"17123\" src=\"https:\/\/sanmiguelwritersconference.org\/wp-content\/uploads\/2024\/07\/Armida-Zepeda-1024x1009.jpg\" alt=\"\" class=\"wp-image-17123\" srcset=\"https:\/\/sanmiguelwritersconference.org\/wp-content\/uploads\/2024\/07\/Armida-Zepeda-1024x1009.jpg 1024w, https:\/\/sanmiguelwritersconference.org\/wp-content\/uploads\/2024\/07\/Armida-Zepeda-300x296.jpg 300w, https:\/\/sanmiguelwritersconference.org\/wp-content\/uploads\/2024\/07\/Armida-Zepeda-768x757.jpg 768w, https:\/\/sanmiguelwritersconference.org\/wp-content\/uploads\/2024\/07\/Armida-Zepeda-1536x1513.jpg 1536w, https:\/\/sanmiguelwritersconference.org\/wp-content\/uploads\/2024\/07\/Armida-Zepeda-600x591.jpg 600w, https:\/\/sanmiguelwritersconference.org\/wp-content\/uploads\/2024\/07\/Armida-Zepeda-100x100.jpg 100w, https:\/\/sanmiguelwritersconference.org\/wp-content\/uploads\/2024\/07\/Armida-Zepeda.jpg 1543w\" sizes=\"auto, (max-width: 1024px) 100vw, 1024px\" \/><figcaption class=\"wp-element-caption\">Armida Zepeda GM, Spanish Program Director<\/figcaption><\/figure>\n\n\n\n<figure class=\"wp-block-image size-large\"><img loading=\"lazy\" decoding=\"async\" width=\"1024\" height=\"1024\" data-id=\"27435\" src=\"https:\/\/sanmiguelwritersconference.org\/wp-content\/uploads\/2025\/07\/Danielle-Trussoni-1024x1024.png\" alt=\"Danielle Trussoni\" class=\"wp-image-27435\" srcset=\"https:\/\/sanmiguelwritersconference.org\/wp-content\/uploads\/2025\/07\/Danielle-Trussoni-1024x1024.png 1024w, https:\/\/sanmiguelwritersconference.org\/wp-content\/uploads\/2025\/07\/Danielle-Trussoni-300x300.png 300w, https:\/\/sanmiguelwritersconference.org\/wp-content\/uploads\/2025\/07\/Danielle-Trussoni-150x150.png 150w, https:\/\/sanmiguelwritersconference.org\/wp-content\/uploads\/2025\/07\/Danielle-Trussoni-768x768.png 768w, https:\/\/sanmiguelwritersconference.org\/wp-content\/uploads\/2025\/07\/Danielle-Trussoni-600x600.png 600w, https:\/\/sanmiguelwritersconference.org\/wp-content\/uploads\/2025\/07\/Danielle-Trussoni-100x100.png 100w, https:\/\/sanmiguelwritersconference.org\/wp-content\/uploads\/2025\/07\/Danielle-Trussoni.png 1080w\" sizes=\"auto, (max-width: 1024px) 100vw, 1024px\" \/><figcaption class=\"wp-element-caption\">Danielle Trussoni, English Programs Director<\/figcaption><\/figure>\n<\/figure>\n","protected":false},"excerpt":{"rendered":"<p>Redes Sociales: Ingl\u00e9s Espa\u00f1ol COMIT\u00c9 DEL FESTIVAL<\/p>\n","protected":false},"author":1,"featured_media":0,"parent":0,"menu_order":0,"comment_status":"closed","ping_status":"closed","template":"","meta":{"_eb_attr":"","footnotes":""},"class_list":["post-18833","page","type-page","status-publish","hentry"],"mb":[],"yoast_head":"<!-- This site is optimized with the Yoast SEO plugin v27.3 - https:\/\/yoast.com\/product\/yoast-seo-wordpress\/ -->\n<title>Prensa | San Miguel Writers&#039; Conference and Literary Festival<\/title>\n<meta name=\"robots\" content=\"index, follow, max-snippet:-1, max-image-preview:large, max-video-preview:-1\" \/>\n<link rel=\"canonical\" href=\"https:\/\/sanmiguelwritersconference.org\/es\/prensa\/\" \/>\n<meta property=\"og:locale\" content=\"es_ES\" \/>\n<meta property=\"og:type\" content=\"article\" \/>\n<meta property=\"og:title\" content=\"Prensa | San Miguel Writers&#039; Conference and Literary Festival\" \/>\n<meta property=\"og:description\" content=\"Redes Sociales: Ingl\u00e9s Espa\u00f1ol COMIT\u00c9 DEL FESTIVAL\" \/>\n<meta property=\"og:url\" content=\"https:\/\/sanmiguelwritersconference.org\/es\/prensa\/\" \/>\n<meta property=\"og:site_name\" content=\"San Miguel Writers&#039; Conference and Literary Festival\" \/>\n<meta property=\"article:publisher\" content=\"https:\/\/www.facebook.com\/SMWritersconference\/\" \/>\n<meta property=\"article:modified_time\" content=\"2025-07-30T17:01:04+00:00\" \/>\n<meta property=\"og:image\" content=\"https:\/\/sanmiguelwritersconference.org\/wp-content\/uploads\/2020\/07\/Susan-Page.jpg\" \/>\n<meta name=\"twitter:card\" content=\"summary_large_image\" \/>\n<meta name=\"twitter:site\" content=\"@smawriterscon\" \/>\n<script type=\"application\/ld+json\" class=\"yoast-schema-graph\">{\"@context\":\"https:\\\/\\\/schema.org\",\"@graph\":[{\"@type\":\"WebPage\",\"@id\":\"https:\\\/\\\/sanmiguelwritersconference.org\\\/es\\\/prensa\\\/\",\"url\":\"https:\\\/\\\/sanmiguelwritersconference.org\\\/es\\\/prensa\\\/\",\"name\":\"Prensa | San Miguel Writers&#039; Conference and Literary Festival\",\"isPartOf\":{\"@id\":\"https:\\\/\\\/sanmiguelwritersconference.org\\\/es\\\/#website\"},\"primaryImageOfPage\":{\"@id\":\"https:\\\/\\\/sanmiguelwritersconference.org\\\/es\\\/prensa\\\/#primaryimage\"},\"image\":{\"@id\":\"https:\\\/\\\/sanmiguelwritersconference.org\\\/es\\\/prensa\\\/#primaryimage\"},\"thumbnailUrl\":\"https:\\\/\\\/sanmiguelwritersconference.org\\\/wp-content\\\/uploads\\\/2020\\\/07\\\/Susan-Page.jpg\",\"datePublished\":\"2024-07-25T12:42:55+00:00\",\"dateModified\":\"2025-07-30T17:01:04+00:00\",\"breadcrumb\":{\"@id\":\"https:\\\/\\\/sanmiguelwritersconference.org\\\/es\\\/prensa\\\/#breadcrumb\"},\"inLanguage\":\"es\",\"potentialAction\":[{\"@type\":\"ReadAction\",\"target\":[\"https:\\\/\\\/sanmiguelwritersconference.org\\\/es\\\/prensa\\\/\"]}]},{\"@type\":\"ImageObject\",\"inLanguage\":\"es\",\"@id\":\"https:\\\/\\\/sanmiguelwritersconference.org\\\/es\\\/prensa\\\/#primaryimage\",\"url\":\"https:\\\/\\\/sanmiguelwritersconference.org\\\/wp-content\\\/uploads\\\/2020\\\/07\\\/Susan-Page.jpg\",\"contentUrl\":\"https:\\\/\\\/sanmiguelwritersconference.org\\\/wp-content\\\/uploads\\\/2020\\\/07\\\/Susan-Page.jpg\"},{\"@type\":\"BreadcrumbList\",\"@id\":\"https:\\\/\\\/sanmiguelwritersconference.org\\\/es\\\/prensa\\\/#breadcrumb\",\"itemListElement\":[{\"@type\":\"ListItem\",\"position\":1,\"name\":\"Home\",\"item\":\"https:\\\/\\\/sanmiguelwritersconference.org\\\/es\\\/\"},{\"@type\":\"ListItem\",\"position\":2,\"name\":\"Prensa\"}]},{\"@type\":\"WebSite\",\"@id\":\"https:\\\/\\\/sanmiguelwritersconference.org\\\/es\\\/#website\",\"url\":\"https:\\\/\\\/sanmiguelwritersconference.org\\\/es\\\/\",\"name\":\"San Miguel Writers' Conference\",\"description\":\"\u00a1Viva la Escritura! Viva Writing!\",\"publisher\":{\"@id\":\"https:\\\/\\\/sanmiguelwritersconference.org\\\/es\\\/#organization\"},\"alternateName\":\"Festival de Escritores\",\"potentialAction\":[{\"@type\":\"SearchAction\",\"target\":{\"@type\":\"EntryPoint\",\"urlTemplate\":\"https:\\\/\\\/sanmiguelwritersconference.org\\\/es\\\/?s={search_term_string}\"},\"query-input\":{\"@type\":\"PropertyValueSpecification\",\"valueRequired\":true,\"valueName\":\"search_term_string\"}}],\"inLanguage\":\"es\"},{\"@type\":\"Organization\",\"@id\":\"https:\\\/\\\/sanmiguelwritersconference.org\\\/es\\\/#organization\",\"name\":\"San Miguel Writers' Conference\",\"url\":\"https:\\\/\\\/sanmiguelwritersconference.org\\\/es\\\/\",\"logo\":{\"@type\":\"ImageObject\",\"inLanguage\":\"es\",\"@id\":\"https:\\\/\\\/sanmiguelwritersconference.org\\\/es\\\/#\\\/schema\\\/logo\\\/image\\\/\",\"url\":\"https:\\\/\\\/sanmiguelwritersconference.org\\\/wp-content\\\/uploads\\\/2022\\\/08\\\/SMWC-Logo.png\",\"contentUrl\":\"https:\\\/\\\/sanmiguelwritersconference.org\\\/wp-content\\\/uploads\\\/2022\\\/08\\\/SMWC-Logo.png\",\"width\":600,\"height\":223,\"caption\":\"San Miguel Writers' Conference\"},\"image\":{\"@id\":\"https:\\\/\\\/sanmiguelwritersconference.org\\\/es\\\/#\\\/schema\\\/logo\\\/image\\\/\"},\"sameAs\":[\"https:\\\/\\\/www.facebook.com\\\/SMWritersconference\\\/\",\"https:\\\/\\\/x.com\\\/smawriterscon\",\"https:\\\/\\\/www.instagram.com\\\/sanmiguelliterarysala\\\/\"]}]}<\/script>\n<!-- \/ Yoast SEO plugin. -->","yoast_head_json":{"title":"Prensa | San Miguel Writers&#039; Conference and Literary Festival","robots":{"index":"index","follow":"follow","max-snippet":"max-snippet:-1","max-image-preview":"max-image-preview:large","max-video-preview":"max-video-preview:-1"},"canonical":"https:\/\/sanmiguelwritersconference.org\/es\/prensa\/","og_locale":"es_ES","og_type":"article","og_title":"Prensa | San Miguel Writers&#039; Conference and Literary Festival","og_description":"Redes Sociales: Ingl\u00e9s Espa\u00f1ol COMIT\u00c9 DEL FESTIVAL","og_url":"https:\/\/sanmiguelwritersconference.org\/es\/prensa\/","og_site_name":"San Miguel Writers&#039; Conference and Literary Festival","article_publisher":"https:\/\/www.facebook.com\/SMWritersconference\/","article_modified_time":"2025-07-30T17:01:04+00:00","og_image":[{"url":"https:\/\/sanmiguelwritersconference.org\/wp-content\/uploads\/2020\/07\/Susan-Page.jpg","type":"","width":"","height":""}],"twitter_card":"summary_large_image","twitter_site":"@smawriterscon","schema":{"@context":"https:\/\/schema.org","@graph":[{"@type":"WebPage","@id":"https:\/\/sanmiguelwritersconference.org\/es\/prensa\/","url":"https:\/\/sanmiguelwritersconference.org\/es\/prensa\/","name":"Prensa | San Miguel Writers&#039; Conference and Literary Festival","isPartOf":{"@id":"https:\/\/sanmiguelwritersconference.org\/es\/#website"},"primaryImageOfPage":{"@id":"https:\/\/sanmiguelwritersconference.org\/es\/prensa\/#primaryimage"},"image":{"@id":"https:\/\/sanmiguelwritersconference.org\/es\/prensa\/#primaryimage"},"thumbnailUrl":"https:\/\/sanmiguelwritersconference.org\/wp-content\/uploads\/2020\/07\/Susan-Page.jpg","datePublished":"2024-07-25T12:42:55+00:00","dateModified":"2025-07-30T17:01:04+00:00","breadcrumb":{"@id":"https:\/\/sanmiguelwritersconference.org\/es\/prensa\/#breadcrumb"},"inLanguage":"es","potentialAction":[{"@type":"ReadAction","target":["https:\/\/sanmiguelwritersconference.org\/es\/prensa\/"]}]},{"@type":"ImageObject","inLanguage":"es","@id":"https:\/\/sanmiguelwritersconference.org\/es\/prensa\/#primaryimage","url":"https:\/\/sanmiguelwritersconference.org\/wp-content\/uploads\/2020\/07\/Susan-Page.jpg","contentUrl":"https:\/\/sanmiguelwritersconference.org\/wp-content\/uploads\/2020\/07\/Susan-Page.jpg"},{"@type":"BreadcrumbList","@id":"https:\/\/sanmiguelwritersconference.org\/es\/prensa\/#breadcrumb","itemListElement":[{"@type":"ListItem","position":1,"name":"Home","item":"https:\/\/sanmiguelwritersconference.org\/es\/"},{"@type":"ListItem","position":2,"name":"Prensa"}]},{"@type":"WebSite","@id":"https:\/\/sanmiguelwritersconference.org\/es\/#website","url":"https:\/\/sanmiguelwritersconference.org\/es\/","name":"San Miguel Writers' Conference","description":"\u00a1Viva la Escritura! Viva Writing!","publisher":{"@id":"https:\/\/sanmiguelwritersconference.org\/es\/#organization"},"alternateName":"Festival de Escritores","potentialAction":[{"@type":"SearchAction","target":{"@type":"EntryPoint","urlTemplate":"https:\/\/sanmiguelwritersconference.org\/es\/?s={search_term_string}"},"query-input":{"@type":"PropertyValueSpecification","valueRequired":true,"valueName":"search_term_string"}}],"inLanguage":"es"},{"@type":"Organization","@id":"https:\/\/sanmiguelwritersconference.org\/es\/#organization","name":"San Miguel Writers' Conference","url":"https:\/\/sanmiguelwritersconference.org\/es\/","logo":{"@type":"ImageObject","inLanguage":"es","@id":"https:\/\/sanmiguelwritersconference.org\/es\/#\/schema\/logo\/image\/","url":"https:\/\/sanmiguelwritersconference.org\/wp-content\/uploads\/2022\/08\/SMWC-Logo.png","contentUrl":"https:\/\/sanmiguelwritersconference.org\/wp-content\/uploads\/2022\/08\/SMWC-Logo.png","width":600,"height":223,"caption":"San Miguel Writers' Conference"},"image":{"@id":"https:\/\/sanmiguelwritersconference.org\/es\/#\/schema\/logo\/image\/"},"sameAs":["https:\/\/www.facebook.com\/SMWritersconference\/","https:\/\/x.com\/smawriterscon","https:\/\/www.instagram.com\/sanmiguelliterarysala\/"]}]}},"mfb_rest_fields":["title","yoast_head","yoast_head_json"],"_links":{"self":[{"href":"https:\/\/sanmiguelwritersconference.org\/es\/wp-json\/wp\/v2\/pages\/18833","targetHints":{"allow":["GET"]}}],"collection":[{"href":"https:\/\/sanmiguelwritersconference.org\/es\/wp-json\/wp\/v2\/pages"}],"about":[{"href":"https:\/\/sanmiguelwritersconference.org\/es\/wp-json\/wp\/v2\/types\/page"}],"author":[{"embeddable":true,"href":"https:\/\/sanmiguelwritersconference.org\/es\/wp-json\/wp\/v2\/users\/1"}],"replies":[{"embeddable":true,"href":"https:\/\/sanmiguelwritersconference.org\/es\/wp-json\/wp\/v2\/comments?post=18833"}],"version-history":[{"count":32,"href":"https:\/\/sanmiguelwritersconference.org\/es\/wp-json\/wp\/v2\/pages\/18833\/revisions"}],"predecessor-version":[{"id":27438,"href":"https:\/\/sanmiguelwritersconference.org\/es\/wp-json\/wp\/v2\/pages\/18833\/revisions\/27438"}],"wp:attachment":[{"href":"https:\/\/sanmiguelwritersconference.org\/es\/wp-json\/wp\/v2\/media?parent=18833"}],"curies":[{"name":"wp","href":"https:\/\/api.w.org\/{rel}","templated":true}]}}