{"id":28095,"date":"2020-10-29T16:53:49","date_gmt":"2020-10-29T22:53:49","guid":{"rendered":"https:\/\/sanmiguelwritersconference.org\/sponsorships\/"},"modified":"2026-04-20T15:59:03","modified_gmt":"2026-04-20T20:59:03","slug":"sponsorships","status":"publish","type":"page","link":"https:\/\/sanmiguelwritersconference.org\/es\/sponsorships\/","title":{"rendered":"OPORTUNIDADES DE PATROCINIO"},"content":{"rendered":"\n<hr class=\"wp-block-separator alignfull has-alpha-channel-opacity is-style-wide is-style-wide--1\"\/>\n\n\n\n<p class=\"has-text-align-center has-x-large-font-size\"><strong><strong>Para obtener m\u00e1s informaci\u00f3n sobre las oportunidades de patrocinio o para discutir un paquete personalizado, contacta a Kevin Brown en sponsorships@sanmiguelwritersconference.org<\/strong><\/strong><\/p>\n\n\n\n<div style=\"height:20px\" aria-hidden=\"true\" class=\"wp-block-spacer\"><\/div>\n\n\n\n<p class=\"has-text-align-center has-accent-3-color has-text-color has-link-color wp-elements-08aea90321f03e8d7afdff46413dd7a4\" style=\"font-size:clamp(0.984rem, 0.984rem + ((1vw - 0.2rem) * 0.809), 1.5rem);\">IMPORTANTE: Si requieres una FACTURA, por favor escribe a Diana Guerra a registrar@sanmiguelwritersconference.org antes de registrarse<\/p>\n\n\n\n<div style=\"height:20px\" aria-hidden=\"true\" class=\"wp-block-spacer\"><\/div>\n\n\n\n<p class=\"has-text-align-center\">Tu donativo es deducible de impuestos en E.U.A., ya que somos una organizaci\u00f3n educativa y caritativa 501(c)(3). Te proporcionaremos una factura.<\/p>\n\n\n\n<div class=\"wp-block-essential-blocks-button  root-eb-button-n54ax\"><div class=\"eb-parent-wrapper eb-parent-eb-button-n54ax \"><div class=\"eb-button-wrapper eb-button-alignment eb-button-n54ax\"><div class=\"eb-button\"><div class=\"eb-button-inner-wrapper \"><a class=\"eb-button-anchor  \" href=\"https:\/\/www.paypal.com\/donate\/?hosted_button_id=VBR4ZWL8C9WMW\" rel=\"noopener\">DONAR<\/a><\/div><\/div><\/div><\/div><\/div>\n\n\n\n<div style=\"height:20px\" aria-hidden=\"true\" class=\"wp-block-spacer\"><\/div>\n\n\n\n<div class=\"wp-block-columns alignfull has-base-color has-accent-3-background-color has-text-color has-background has-link-color wp-elements-8c86b6eb5b4e6d488c51171eca0e657a is-layout-flex wp-container-core-columns-is-layout-51c0b34d wp-block-columns-is-layout-flex\" style=\"padding-top:var(--wp--preset--spacing--50);padding-bottom:var(--wp--preset--spacing--50)\">\n<div class=\"wp-block-column is-layout-flow wp-block-column-is-layout-flow\"><\/div>\n\n\n\n<div class=\"wp-block-column has-medium-font-size is-layout-flow wp-block-column-is-layout-flow\" style=\"flex-basis:90%\">\n<p class=\"has-text-align-center has-large-font-size\">Despu\u00e9s de 20 a\u00f1os de presentar a los autores m\u00e1s famosos y distinguidos de Canad\u00e1, EE. UU. y M\u00e9xico, nuestro Festival ha posicionado a San Miguel en el mapa literario mundial.<\/p>\n\n\n\n<p class=\"has-text-align-center has-large-font-size\">Nuestro sitio web recibe visitantes de todo el mundo y nuestro Festival presencial de cinco d\u00edas atrae a 2,000 personas \u00fanicas, incluyendo asistentes locales, nacionales y globales, especialmente de M\u00e9xico, EE. UU. y Canad\u00e1.<\/p>\n<\/div>\n\n\n\n<div class=\"wp-block-column is-layout-flow wp-block-column-is-layout-flow\"><\/div>\n<\/div>\n\n\n\n<div style=\"height:20px\" aria-hidden=\"true\" class=\"wp-block-spacer\"><\/div>\n\n\n\n<h2 class=\"wp-block-heading alignwide has-text-align-center has-secondary-color has-text-color has-link-color has-x-large-font-size wp-elements-9fd70cdb2dde59dc61ac814c85172661\">\u00bfPOR QU\u00c9 PATROCINAR ESTE EVENTO CULTURAL DE PRIMER NIVEL?<\/h2>\n\n\n\n<div class=\"wp-block-columns is-layout-flex wp-container-core-columns-is-layout-28f84493 wp-block-columns-is-layout-flex\">\n<div class=\"wp-block-column is-layout-flow wp-block-column-is-layout-flow\">\n<p class=\"has-tertiary-color has-text-color has-link-color wp-elements-29df63e62d71c038f6b0feb22c594dbe\"><strong>EXPOSICI\u00d3N DE MARCA INIGUALABLE: Alcance de una Audiencia Influyente<\/strong><\/p>\n\n\n\n<ul class=\"wp-block-list\">\n<li style=\"margin-right:var(--wp--preset--spacing--30);margin-left:var(--wp--preset--spacing--30);padding-top:0;padding-right:0;padding-bottom:0;padding-left:0\">2,000 asistentes \u00fanicos: 18% vive en SMA, 30% vive en SMA de forma parcial, 52% viene espec\u00edficamente para la Conferencia desde el extranjero, muchos de EE. UU. y Canad\u00e1.<\/li>\n\n\n\n<li style=\"margin-right:var(--wp--preset--spacing--30);margin-left:var(--wp--preset--spacing--30);padding-top:0;padding-right:0;padding-bottom:0;padding-left:0\">M\u00e1s de 15,000 seguidores en redes sociales (Instagram, Facebook, TikTok, X).<\/li>\n\n\n\n<li style=\"margin-right:var(--wp--preset--spacing--30);margin-left:var(--wp--preset--spacing--30);padding-top:0;padding-right:0;padding-bottom:0;padding-left:0\">8,500 visitantes al sitio web al mes.<\/li>\n\n\n\n<li style=\"margin-right:var(--wp--preset--spacing--30);margin-left:var(--wp--preset--spacing--30);padding-top:0;padding-right:0;padding-bottom:0;padding-left:0\">M\u00e1s de 7,000 suscriptores del bolet\u00edn de prensa electr\u00f3nico con una tasa de apertura del 40%.<\/li>\n<\/ul>\n\n\n\n<p class=\"has-tertiary-color has-text-color has-link-color wp-elements-66b53d9e3858c6de7196c197c62e9043\"><strong>OPORTUNIDADES DE NETWORKING EXCLUSIVAS: Interact\u00faa con L\u00edderes de Opini\u00f3n<\/strong><\/p>\n\n\n\n<ul class=\"wp-block-list\">\n<li style=\"margin-right:var(--wp--preset--spacing--30);margin-left:var(--wp--preset--spacing--30);padding-top:0;padding-right:0;padding-bottom:0;padding-left:0\">Conoce a autores de renombre mundial como Margaret Atwood, John Irving, Jorge F. Hern\u00e1ndez, Elena Poniatowska y m\u00e1s.<\/li>\n\n\n\n<li style=\"margin-right:var(--wp--preset--spacing--30);margin-left:var(--wp--preset--spacing--30);padding-top:0;padding-right:0;padding-bottom:0;padding-left:0\">Con\u00e9ctate con figuras culturales influyentes y l\u00edderes de la industria.<\/li>\n<\/ul>\n\n\n\n<p class=\"has-tertiary-color has-text-color has-link-color wp-elements-596aa54156f3c2449d53c51f2e7c309b\"><strong>ALINEACI\u00d3N CON UN EVENTO CULTURAL MUY RESPETADO: Impulsa tu Responsabilidad Corporativa<\/strong><\/p>\n\n\n\n<ul class=\"wp-block-list\">\n<li style=\"margin-right:var(--wp--preset--spacing--30);margin-left:var(--wp--preset--spacing--30);padding-top:0;padding-right:0;padding-bottom:0;padding-left:0\">Al\u00ednea tu marca con este evento cultural reconocido a nivel mundial.<\/li>\n\n\n\n<li style=\"margin-right:var(--wp--preset--spacing--30);margin-left:var(--wp--preset--spacing--30);padding-top:0;padding-right:0;padding-bottom:0;padding-left:0\">Apoya la alfabetizaci\u00f3n, el intercambio cultural y la participaci\u00f3n comunitaria.<\/li>\n\n\n\n<li style=\"margin-right:var(--wp--preset--spacing--30);margin-left:var(--wp--preset--spacing--30);padding-top:0;padding-right:0;padding-bottom:0;padding-left:0\">Genera un impacto tangible al apoyar becas para 85 estudiantes mexicanos.<\/li>\n\n\n\n<li style=\"margin-right:var(--wp--preset--spacing--30);margin-left:var(--wp--preset--spacing--30);padding-top:0;padding-right:0;padding-bottom:0;padding-left:0\">Patrocina los Talleres de Escritura Creativa para Adolescentes que cambian vidas.<\/li>\n<\/ul>\n<\/div>\n<\/div>\n\n\n\n<div class=\"wp-block-columns alignfull has-custom-color-1-color has-primary-background-color has-text-color has-background has-link-color wp-elements-abc43964f6952f5f83c7d3ce78449016 is-layout-flex wp-container-core-columns-is-layout-28f84493 wp-block-columns-is-layout-flex\">\n<div class=\"wp-block-column is-layout-flow wp-block-column-is-layout-flow\" style=\"flex-basis:100%\">\n<p class=\"has-text-align-center has-base-color has-accent-3-background-color has-text-color has-background has-link-color has-x-large-font-size wp-elements-97e2f6b69b5e01629739a7c77ade5539\"><strong>Gracias por su generoso apoyo para hacer realidad esta experiencia cultural de clase mundial<\/strong><\/p>\n<\/div>\n<\/div>\n\n\n\n<p><\/p>\n","protected":false},"excerpt":{"rendered":"<p>Para obtener m\u00e1s informaci\u00f3n sobre las oportunidades de patrocinio o para discutir un paquete personalizado, contacta a Kevin Brown en sponsorships@sanmiguelwritersconference.org IMPORTANTE: Si requieres una FACTURA, por favor escribe a Diana Guerra a registrar@sanmiguelwritersconference.org antes de registrarse Tu donativo es deducible de impuestos en E.U.A., ya que somos una organizaci\u00f3n educativa y caritativa 501(c)(3). Te [&hellip;]<\/p>\n","protected":false},"author":1,"featured_media":0,"parent":0,"menu_order":8,"comment_status":"closed","ping_status":"closed","template":"","meta":{"_eb_attr":"","footnotes":""},"class_list":["post-28095","page","type-page","status-publish","hentry"],"mb":[],"yoast_head":"<!-- This site is optimized with the Yoast SEO plugin v27.3 - https:\/\/yoast.com\/product\/yoast-seo-wordpress\/ -->\n<title>OPORTUNIDADES DE PATROCINIO | San Miguel Writers&#039; Conference and Literary Festival<\/title>\n<meta name=\"robots\" content=\"index, follow, max-snippet:-1, max-image-preview:large, max-video-preview:-1\" \/>\n<link rel=\"canonical\" href=\"https:\/\/sanmiguelwritersconference.org\/es\/sponsorships\/\" \/>\n<meta property=\"og:locale\" content=\"es_ES\" \/>\n<meta property=\"og:type\" content=\"article\" \/>\n<meta property=\"og:title\" content=\"OPORTUNIDADES DE PATROCINIO | San Miguel Writers&#039; Conference and Literary Festival\" \/>\n<meta property=\"og:description\" content=\"Para obtener m\u00e1s informaci\u00f3n sobre las oportunidades de patrocinio o para discutir un paquete personalizado, contacta a Kevin Brown en sponsorships@sanmiguelwritersconference.org IMPORTANTE: Si requieres una FACTURA, por favor escribe a Diana Guerra a registrar@sanmiguelwritersconference.org antes de registrarse Tu donativo es deducible de impuestos en E.U.A., ya que somos una organizaci\u00f3n educativa y caritativa 501(c)(3). Te [&hellip;]\" \/>\n<meta property=\"og:url\" content=\"https:\/\/sanmiguelwritersconference.org\/es\/sponsorships\/\" \/>\n<meta property=\"og:site_name\" content=\"San Miguel Writers&#039; Conference and Literary Festival\" \/>\n<meta property=\"article:publisher\" content=\"https:\/\/www.facebook.com\/SMWritersconference\/\" \/>\n<meta property=\"article:modified_time\" content=\"2026-04-20T20:59:03+00:00\" \/>\n<meta property=\"og:image\" content=\"https:\/\/sanmiguelwritersconference.org\/wp-content\/uploads\/2024\/06\/WRITERS-CONFERENCE-ARTWORK-2025.jpg\" \/>\n\t<meta property=\"og:image:width\" content=\"1594\" \/>\n\t<meta property=\"og:image:height\" content=\"1617\" \/>\n\t<meta property=\"og:image:type\" content=\"image\/jpeg\" \/>\n<meta name=\"twitter:card\" content=\"summary_large_image\" \/>\n<meta name=\"twitter:site\" content=\"@smawriterscon\" \/>\n<script type=\"application\/ld+json\" class=\"yoast-schema-graph\">{\"@context\":\"https:\\\/\\\/schema.org\",\"@graph\":[{\"@type\":\"WebPage\",\"@id\":\"https:\\\/\\\/sanmiguelwritersconference.org\\\/es\\\/sponsorships\\\/\",\"url\":\"https:\\\/\\\/sanmiguelwritersconference.org\\\/es\\\/sponsorships\\\/\",\"name\":\"OPORTUNIDADES DE PATROCINIO | San Miguel Writers&#039; Conference and Literary Festival\",\"isPartOf\":{\"@id\":\"https:\\\/\\\/sanmiguelwritersconference.org\\\/es\\\/#website\"},\"datePublished\":\"2020-10-29T22:53:49+00:00\",\"dateModified\":\"2026-04-20T20:59:03+00:00\",\"breadcrumb\":{\"@id\":\"https:\\\/\\\/sanmiguelwritersconference.org\\\/es\\\/sponsorships\\\/#breadcrumb\"},\"inLanguage\":\"es\",\"potentialAction\":[{\"@type\":\"ReadAction\",\"target\":[\"https:\\\/\\\/sanmiguelwritersconference.org\\\/es\\\/sponsorships\\\/\"]}]},{\"@type\":\"BreadcrumbList\",\"@id\":\"https:\\\/\\\/sanmiguelwritersconference.org\\\/es\\\/sponsorships\\\/#breadcrumb\",\"itemListElement\":[{\"@type\":\"ListItem\",\"position\":1,\"name\":\"Home\",\"item\":\"https:\\\/\\\/sanmiguelwritersconference.org\\\/es\\\/\"},{\"@type\":\"ListItem\",\"position\":2,\"name\":\"OPORTUNIDADES DE PATROCINIO\"}]},{\"@type\":\"WebSite\",\"@id\":\"https:\\\/\\\/sanmiguelwritersconference.org\\\/es\\\/#website\",\"url\":\"https:\\\/\\\/sanmiguelwritersconference.org\\\/es\\\/\",\"name\":\"San Miguel Writers' Conference\",\"description\":\"\u00a1Viva la Escritura! Viva Writing!\",\"publisher\":{\"@id\":\"https:\\\/\\\/sanmiguelwritersconference.org\\\/es\\\/#organization\"},\"alternateName\":\"Festival de Escritores\",\"potentialAction\":[{\"@type\":\"SearchAction\",\"target\":{\"@type\":\"EntryPoint\",\"urlTemplate\":\"https:\\\/\\\/sanmiguelwritersconference.org\\\/es\\\/?s={search_term_string}\"},\"query-input\":{\"@type\":\"PropertyValueSpecification\",\"valueRequired\":true,\"valueName\":\"search_term_string\"}}],\"inLanguage\":\"es\"},{\"@type\":\"Organization\",\"@id\":\"https:\\\/\\\/sanmiguelwritersconference.org\\\/es\\\/#organization\",\"name\":\"San Miguel Writers' Conference\",\"url\":\"https:\\\/\\\/sanmiguelwritersconference.org\\\/es\\\/\",\"logo\":{\"@type\":\"ImageObject\",\"inLanguage\":\"es\",\"@id\":\"https:\\\/\\\/sanmiguelwritersconference.org\\\/es\\\/#\\\/schema\\\/logo\\\/image\\\/\",\"url\":\"https:\\\/\\\/sanmiguelwritersconference.org\\\/wp-content\\\/uploads\\\/2022\\\/08\\\/SMWC-Logo.png\",\"contentUrl\":\"https:\\\/\\\/sanmiguelwritersconference.org\\\/wp-content\\\/uploads\\\/2022\\\/08\\\/SMWC-Logo.png\",\"width\":600,\"height\":223,\"caption\":\"San Miguel Writers' Conference\"},\"image\":{\"@id\":\"https:\\\/\\\/sanmiguelwritersconference.org\\\/es\\\/#\\\/schema\\\/logo\\\/image\\\/\"},\"sameAs\":[\"https:\\\/\\\/www.facebook.com\\\/SMWritersconference\\\/\",\"https:\\\/\\\/x.com\\\/smawriterscon\",\"https:\\\/\\\/www.instagram.com\\\/sanmiguelliterarysala\\\/\"]}]}<\/script>\n<!-- \/ Yoast SEO plugin. -->","yoast_head_json":{"title":"OPORTUNIDADES DE PATROCINIO | San Miguel Writers&#039; Conference and Literary Festival","robots":{"index":"index","follow":"follow","max-snippet":"max-snippet:-1","max-image-preview":"max-image-preview:large","max-video-preview":"max-video-preview:-1"},"canonical":"https:\/\/sanmiguelwritersconference.org\/es\/sponsorships\/","og_locale":"es_ES","og_type":"article","og_title":"OPORTUNIDADES DE PATROCINIO | San Miguel Writers&#039; Conference and Literary Festival","og_description":"Para obtener m\u00e1s informaci\u00f3n sobre las oportunidades de patrocinio o para discutir un paquete personalizado, contacta a Kevin Brown en sponsorships@sanmiguelwritersconference.org IMPORTANTE: Si requieres una FACTURA, por favor escribe a Diana Guerra a registrar@sanmiguelwritersconference.org antes de registrarse Tu donativo es deducible de impuestos en E.U.A., ya que somos una organizaci\u00f3n educativa y caritativa 501(c)(3). Te [&hellip;]","og_url":"https:\/\/sanmiguelwritersconference.org\/es\/sponsorships\/","og_site_name":"San Miguel Writers&#039; Conference and Literary Festival","article_publisher":"https:\/\/www.facebook.com\/SMWritersconference\/","article_modified_time":"2026-04-20T20:59:03+00:00","og_image":[{"width":1594,"height":1617,"url":"https:\/\/sanmiguelwritersconference.org\/wp-content\/uploads\/2024\/06\/WRITERS-CONFERENCE-ARTWORK-2025.jpg","type":"image\/jpeg"}],"twitter_card":"summary_large_image","twitter_site":"@smawriterscon","schema":{"@context":"https:\/\/schema.org","@graph":[{"@type":"WebPage","@id":"https:\/\/sanmiguelwritersconference.org\/es\/sponsorships\/","url":"https:\/\/sanmiguelwritersconference.org\/es\/sponsorships\/","name":"OPORTUNIDADES DE PATROCINIO | San Miguel Writers&#039; Conference and Literary Festival","isPartOf":{"@id":"https:\/\/sanmiguelwritersconference.org\/es\/#website"},"datePublished":"2020-10-29T22:53:49+00:00","dateModified":"2026-04-20T20:59:03+00:00","breadcrumb":{"@id":"https:\/\/sanmiguelwritersconference.org\/es\/sponsorships\/#breadcrumb"},"inLanguage":"es","potentialAction":[{"@type":"ReadAction","target":["https:\/\/sanmiguelwritersconference.org\/es\/sponsorships\/"]}]},{"@type":"BreadcrumbList","@id":"https:\/\/sanmiguelwritersconference.org\/es\/sponsorships\/#breadcrumb","itemListElement":[{"@type":"ListItem","position":1,"name":"Home","item":"https:\/\/sanmiguelwritersconference.org\/es\/"},{"@type":"ListItem","position":2,"name":"OPORTUNIDADES DE PATROCINIO"}]},{"@type":"WebSite","@id":"https:\/\/sanmiguelwritersconference.org\/es\/#website","url":"https:\/\/sanmiguelwritersconference.org\/es\/","name":"San Miguel Writers' Conference","description":"\u00a1Viva la Escritura! Viva Writing!","publisher":{"@id":"https:\/\/sanmiguelwritersconference.org\/es\/#organization"},"alternateName":"Festival de Escritores","potentialAction":[{"@type":"SearchAction","target":{"@type":"EntryPoint","urlTemplate":"https:\/\/sanmiguelwritersconference.org\/es\/?s={search_term_string}"},"query-input":{"@type":"PropertyValueSpecification","valueRequired":true,"valueName":"search_term_string"}}],"inLanguage":"es"},{"@type":"Organization","@id":"https:\/\/sanmiguelwritersconference.org\/es\/#organization","name":"San Miguel Writers' Conference","url":"https:\/\/sanmiguelwritersconference.org\/es\/","logo":{"@type":"ImageObject","inLanguage":"es","@id":"https:\/\/sanmiguelwritersconference.org\/es\/#\/schema\/logo\/image\/","url":"https:\/\/sanmiguelwritersconference.org\/wp-content\/uploads\/2022\/08\/SMWC-Logo.png","contentUrl":"https:\/\/sanmiguelwritersconference.org\/wp-content\/uploads\/2022\/08\/SMWC-Logo.png","width":600,"height":223,"caption":"San Miguel Writers' Conference"},"image":{"@id":"https:\/\/sanmiguelwritersconference.org\/es\/#\/schema\/logo\/image\/"},"sameAs":["https:\/\/www.facebook.com\/SMWritersconference\/","https:\/\/x.com\/smawriterscon","https:\/\/www.instagram.com\/sanmiguelliterarysala\/"]}]}},"mfb_rest_fields":["title","yoast_head","yoast_head_json"],"_links":{"self":[{"href":"https:\/\/sanmiguelwritersconference.org\/es\/wp-json\/wp\/v2\/pages\/28095","targetHints":{"allow":["GET"]}}],"collection":[{"href":"https:\/\/sanmiguelwritersconference.org\/es\/wp-json\/wp\/v2\/pages"}],"about":[{"href":"https:\/\/sanmiguelwritersconference.org\/es\/wp-json\/wp\/v2\/types\/page"}],"author":[{"embeddable":true,"href":"https:\/\/sanmiguelwritersconference.org\/es\/wp-json\/wp\/v2\/users\/1"}],"replies":[{"embeddable":true,"href":"https:\/\/sanmiguelwritersconference.org\/es\/wp-json\/wp\/v2\/comments?post=28095"}],"version-history":[{"count":31,"href":"https:\/\/sanmiguelwritersconference.org\/es\/wp-json\/wp\/v2\/pages\/28095\/revisions"}],"predecessor-version":[{"id":30204,"href":"https:\/\/sanmiguelwritersconference.org\/es\/wp-json\/wp\/v2\/pages\/28095\/revisions\/30204"}],"wp:attachment":[{"href":"https:\/\/sanmiguelwritersconference.org\/es\/wp-json\/wp\/v2\/media?parent=28095"}],"curies":[{"name":"wp","href":"https:\/\/api.w.org\/{rel}","templated":true}]}}