{"id":29262,"date":"2024-07-25T07:08:01","date_gmt":"2024-07-25T13:08:01","guid":{"rendered":"https:\/\/sanmiguelwritersconference.org\/?page_id=29262"},"modified":"2026-03-13T14:08:27","modified_gmt":"2026-03-13T20:08:27","slug":"propuestas-profesorado","status":"publish","type":"page","link":"https:\/\/sanmiguelwritersconference.org\/es\/propuestas-profesorado\/","title":{"rendered":"PROPUESTAS PARA EL PROFESORADO"},"content":{"rendered":"\n<div class=\"wp-block-columns alignfull is-layout-flex wp-container-core-columns-is-layout-28f84493 wp-block-columns-is-layout-flex\">\n<div class=\"wp-block-column has-luminous-vivid-amber-background-color has-background is-layout-flow wp-block-column-is-layout-flow\" style=\"padding-top:var(--wp--preset--spacing--50);padding-bottom:var(--wp--preset--spacing--50)\">\n<p class=\"has-text-align-center has-base-color has-text-color has-link-color has-x-large-font-size wp-elements-b51f821d2f97e3816c69a2616ed36ef1\" style=\"padding-top:0;padding-bottom:0\"><strong>Ya estamos aceptando propuestas de nuevo profesorado para el&nbsp;<strong>Festival de Escritores<\/strong>&nbsp;2027.<\/strong><\/p>\n\n\n\n<div style=\"height:20px\" aria-hidden=\"true\" class=\"wp-block-spacer\"><\/div>\n\n\n\n<div class=\"wp-block-buttons alignwide has-custom-font-size has-medium-font-size is-content-justification-center is-layout-flex wp-container-core-buttons-is-layout-6965f91b wp-block-buttons-is-layout-flex\" style=\"margin-top:0;margin-bottom:0;padding-top:0;padding-right:0;padding-bottom:0;padding-left:0\">\n<div class=\"wp-block-button has-custom-width wp-block-button__width-50 is-style-fill\"><a class=\"wp-block-button__link has-base-color has-text-color has-link-color has-large-font-size has-custom-font-size wp-element-button\" href=\"https:\/\/docs.google.com\/forms\/d\/e\/1FAIpQLSdHIqTLW6Sy_dKNS5CDF78vr5NZSLgvOLAwsLH1OHkTcgvdpQ\/viewform\" target=\"_blank\" rel=\"noreferrer noopener\"><strong>PROPUESTAS<\/strong> <strong>PROFESORADO 2027<\/strong><\/a><\/div>\n<\/div>\n\n\n\n<p class=\"has-text-align-center\"><strong>Fecha l\u00edmite: 22 de marzo de 2026 a las 11:59 p. m.<\/strong><\/p>\n<\/div>\n<\/div>\n\n\n\n<p>\u00a1Nos complace anunciar que las solicitudes para el profesorado del&nbsp;<strong>Festival Internacional de Escritores y Literatura en San Miguel<\/strong>&nbsp;<strong>de Allende&nbsp;2027&nbsp;<\/strong>quedan oficialmente abiertas!<\/p>\n\n\n\n<p><strong>Periodo de solicitud:<\/strong>\u00a015 de febrero \u2013 22 de marzo<\/p>\n\n\n\n<p>Tradicionalmente, cada a\u00f1o extendemos invitaciones personalizadas a los docentes que integran nuestro programa en espa\u00f1ol. Sin embargo, ante el s\u00f3lido crecimiento del programa y el creciente inter\u00e9s por parte de la comunidad acad\u00e9mica y literaria, este a\u00f1o realizaremos la selecci\u00f3n a trav\u00e9s de una convocatoria abierta. Esta iniciativa busca responder a la demanda de participaci\u00f3n y, sobre todo, abrir la puerta a nuevos&nbsp;<strong>maestros de las letras, a agentes literarios y a creadores de contenido digital y marketing<\/strong>&nbsp;que deseen sumar su talento a este incre\u00edble&nbsp;<strong>Festival.&nbsp;<\/strong><\/p>\n\n\n\n<p>Si te apasiona la ense\u00f1anza, la mentor\u00eda y compartir tu oficio en una gran comunidad literaria, biling\u00fce e internacional, te animamos cordialmente a postularte.<\/p>\n\n\n\n<p>El&nbsp;<strong>Festival de Escritores en San Miguel<\/strong>&nbsp;es conocido por su esp\u00edritu colaborativo, su programaci\u00f3n rigurosa y sus participantes profundamente comprometidos. Esperamos descubrir nuevas voces, perspectivas frescas e inspirar a maestras y maestros experimentados para nuestro programa de 2027.<\/p>\n\n\n\n<p>\u00a1Nos emociona leer tu propuesta!<\/p>\n\n\n\n<div style=\"height:20px\" aria-hidden=\"true\" class=\"wp-block-spacer\"><\/div>\n\n\n\n<p><strong>Nota:&nbsp;<\/strong>Para garantizar un proceso de evaluaci\u00f3n justo y equitativo para todas las personas solicitantes, les pedimos amablemente que no se pongan en contacto con el personal del congreso ni con los miembros de la junta directiva para consultar sobre el estado de su solicitud durante el per\u00edodo de postulaci\u00f3n o evaluaci\u00f3n. Todas las personas solicitantes ser\u00e1n notificadas una vez que se hayan tomado las decisiones finales. Gracias por su comprensi\u00f3n.<\/p>\n","protected":false},"excerpt":{"rendered":"<p>Ya estamos aceptando propuestas de nuevo profesorado para el&nbsp;Festival de Escritores&nbsp;2027. Fecha l\u00edmite: 22 de marzo de 2026 a las 11:59 p. m. \u00a1Nos complace anunciar que las solicitudes para el profesorado del&nbsp;Festival Internacional de Escritores y Literatura en San Miguel&nbsp;de Allende&nbsp;2027&nbsp;quedan oficialmente abiertas! Periodo de solicitud:\u00a015 de febrero \u2013 22 de marzo Tradicionalmente, cada [&hellip;]<\/p>\n","protected":false},"author":1,"featured_media":0,"parent":0,"menu_order":0,"comment_status":"closed","ping_status":"closed","template":"","meta":{"_eb_attr":"","footnotes":""},"class_list":["post-29262","page","type-page","status-publish","hentry"],"mb":[],"yoast_head":"<!-- This site is optimized with the Yoast SEO plugin v27.3 - https:\/\/yoast.com\/product\/yoast-seo-wordpress\/ -->\n<title>PROPUESTAS PARA EL PROFESORADO | San Miguel Writers&#039; Conference and Literary Festival<\/title>\n<meta name=\"robots\" content=\"index, follow, max-snippet:-1, max-image-preview:large, max-video-preview:-1\" \/>\n<link rel=\"canonical\" href=\"https:\/\/sanmiguelwritersconference.org\/es\/propuestas-profesorado\/\" \/>\n<meta property=\"og:locale\" content=\"es_ES\" \/>\n<meta property=\"og:type\" content=\"article\" \/>\n<meta property=\"og:title\" content=\"PROPUESTAS PARA EL PROFESORADO | San Miguel Writers&#039; Conference and Literary Festival\" \/>\n<meta property=\"og:description\" content=\"Ya estamos aceptando propuestas de nuevo profesorado para el&nbsp;Festival de Escritores&nbsp;2027. Fecha l\u00edmite: 22 de marzo de 2026 a las 11:59 p. m. \u00a1Nos complace anunciar que las solicitudes para el profesorado del&nbsp;Festival Internacional de Escritores y Literatura en San Miguel&nbsp;de Allende&nbsp;2027&nbsp;quedan oficialmente abiertas! Periodo de solicitud:\u00a015 de febrero \u2013 22 de marzo Tradicionalmente, cada [&hellip;]\" \/>\n<meta property=\"og:url\" content=\"https:\/\/sanmiguelwritersconference.org\/es\/propuestas-profesorado\/\" \/>\n<meta property=\"og:site_name\" content=\"San Miguel Writers&#039; Conference and Literary Festival\" \/>\n<meta property=\"article:publisher\" content=\"https:\/\/www.facebook.com\/SMWritersconference\/\" \/>\n<meta property=\"article:modified_time\" content=\"2026-03-13T20:08:27+00:00\" \/>\n<meta property=\"og:image\" content=\"https:\/\/sanmiguelwritersconference.org\/wp-content\/uploads\/2024\/06\/WRITERS-CONFERENCE-ARTWORK-2025.jpg\" \/>\n\t<meta property=\"og:image:width\" content=\"1594\" \/>\n\t<meta property=\"og:image:height\" content=\"1617\" \/>\n\t<meta property=\"og:image:type\" content=\"image\/jpeg\" \/>\n<meta name=\"twitter:card\" content=\"summary_large_image\" \/>\n<meta name=\"twitter:site\" content=\"@smawriterscon\" \/>\n<script type=\"application\/ld+json\" class=\"yoast-schema-graph\">{\"@context\":\"https:\\\/\\\/schema.org\",\"@graph\":[{\"@type\":\"WebPage\",\"@id\":\"https:\\\/\\\/sanmiguelwritersconference.org\\\/es\\\/propuestas-profesorado\\\/\",\"url\":\"https:\\\/\\\/sanmiguelwritersconference.org\\\/es\\\/propuestas-profesorado\\\/\",\"name\":\"PROPUESTAS PARA EL PROFESORADO | San Miguel Writers&#039; Conference and Literary Festival\",\"isPartOf\":{\"@id\":\"https:\\\/\\\/sanmiguelwritersconference.org\\\/es\\\/#website\"},\"datePublished\":\"2024-07-25T13:08:01+00:00\",\"dateModified\":\"2026-03-13T20:08:27+00:00\",\"breadcrumb\":{\"@id\":\"https:\\\/\\\/sanmiguelwritersconference.org\\\/es\\\/propuestas-profesorado\\\/#breadcrumb\"},\"inLanguage\":\"es\",\"potentialAction\":[{\"@type\":\"ReadAction\",\"target\":[\"https:\\\/\\\/sanmiguelwritersconference.org\\\/es\\\/propuestas-profesorado\\\/\"]}]},{\"@type\":\"BreadcrumbList\",\"@id\":\"https:\\\/\\\/sanmiguelwritersconference.org\\\/es\\\/propuestas-profesorado\\\/#breadcrumb\",\"itemListElement\":[{\"@type\":\"ListItem\",\"position\":1,\"name\":\"Home\",\"item\":\"https:\\\/\\\/sanmiguelwritersconference.org\\\/es\\\/\"},{\"@type\":\"ListItem\",\"position\":2,\"name\":\"PROPUESTAS PARA EL PROFESORADO\"}]},{\"@type\":\"WebSite\",\"@id\":\"https:\\\/\\\/sanmiguelwritersconference.org\\\/es\\\/#website\",\"url\":\"https:\\\/\\\/sanmiguelwritersconference.org\\\/es\\\/\",\"name\":\"San Miguel Writers' Conference\",\"description\":\"\u00a1Viva la Escritura! Viva Writing!\",\"publisher\":{\"@id\":\"https:\\\/\\\/sanmiguelwritersconference.org\\\/es\\\/#organization\"},\"alternateName\":\"Festival de Escritores\",\"potentialAction\":[{\"@type\":\"SearchAction\",\"target\":{\"@type\":\"EntryPoint\",\"urlTemplate\":\"https:\\\/\\\/sanmiguelwritersconference.org\\\/es\\\/?s={search_term_string}\"},\"query-input\":{\"@type\":\"PropertyValueSpecification\",\"valueRequired\":true,\"valueName\":\"search_term_string\"}}],\"inLanguage\":\"es\"},{\"@type\":\"Organization\",\"@id\":\"https:\\\/\\\/sanmiguelwritersconference.org\\\/es\\\/#organization\",\"name\":\"San Miguel Writers' Conference\",\"url\":\"https:\\\/\\\/sanmiguelwritersconference.org\\\/es\\\/\",\"logo\":{\"@type\":\"ImageObject\",\"inLanguage\":\"es\",\"@id\":\"https:\\\/\\\/sanmiguelwritersconference.org\\\/es\\\/#\\\/schema\\\/logo\\\/image\\\/\",\"url\":\"https:\\\/\\\/sanmiguelwritersconference.org\\\/wp-content\\\/uploads\\\/2022\\\/08\\\/SMWC-Logo.png\",\"contentUrl\":\"https:\\\/\\\/sanmiguelwritersconference.org\\\/wp-content\\\/uploads\\\/2022\\\/08\\\/SMWC-Logo.png\",\"width\":600,\"height\":223,\"caption\":\"San Miguel Writers' Conference\"},\"image\":{\"@id\":\"https:\\\/\\\/sanmiguelwritersconference.org\\\/es\\\/#\\\/schema\\\/logo\\\/image\\\/\"},\"sameAs\":[\"https:\\\/\\\/www.facebook.com\\\/SMWritersconference\\\/\",\"https:\\\/\\\/x.com\\\/smawriterscon\",\"https:\\\/\\\/www.instagram.com\\\/sanmiguelliterarysala\\\/\"]}]}<\/script>\n<!-- \/ Yoast SEO plugin. -->","yoast_head_json":{"title":"PROPUESTAS PARA EL PROFESORADO | San Miguel Writers&#039; Conference and Literary Festival","robots":{"index":"index","follow":"follow","max-snippet":"max-snippet:-1","max-image-preview":"max-image-preview:large","max-video-preview":"max-video-preview:-1"},"canonical":"https:\/\/sanmiguelwritersconference.org\/es\/propuestas-profesorado\/","og_locale":"es_ES","og_type":"article","og_title":"PROPUESTAS PARA EL PROFESORADO | San Miguel Writers&#039; Conference and Literary Festival","og_description":"Ya estamos aceptando propuestas de nuevo profesorado para el&nbsp;Festival de Escritores&nbsp;2027. Fecha l\u00edmite: 22 de marzo de 2026 a las 11:59 p. m. \u00a1Nos complace anunciar que las solicitudes para el profesorado del&nbsp;Festival Internacional de Escritores y Literatura en San Miguel&nbsp;de Allende&nbsp;2027&nbsp;quedan oficialmente abiertas! Periodo de solicitud:\u00a015 de febrero \u2013 22 de marzo Tradicionalmente, cada [&hellip;]","og_url":"https:\/\/sanmiguelwritersconference.org\/es\/propuestas-profesorado\/","og_site_name":"San Miguel Writers&#039; Conference and Literary Festival","article_publisher":"https:\/\/www.facebook.com\/SMWritersconference\/","article_modified_time":"2026-03-13T20:08:27+00:00","og_image":[{"width":1594,"height":1617,"url":"https:\/\/sanmiguelwritersconference.org\/wp-content\/uploads\/2024\/06\/WRITERS-CONFERENCE-ARTWORK-2025.jpg","type":"image\/jpeg"}],"twitter_card":"summary_large_image","twitter_site":"@smawriterscon","schema":{"@context":"https:\/\/schema.org","@graph":[{"@type":"WebPage","@id":"https:\/\/sanmiguelwritersconference.org\/es\/propuestas-profesorado\/","url":"https:\/\/sanmiguelwritersconference.org\/es\/propuestas-profesorado\/","name":"PROPUESTAS PARA EL PROFESORADO | San Miguel Writers&#039; Conference and Literary Festival","isPartOf":{"@id":"https:\/\/sanmiguelwritersconference.org\/es\/#website"},"datePublished":"2024-07-25T13:08:01+00:00","dateModified":"2026-03-13T20:08:27+00:00","breadcrumb":{"@id":"https:\/\/sanmiguelwritersconference.org\/es\/propuestas-profesorado\/#breadcrumb"},"inLanguage":"es","potentialAction":[{"@type":"ReadAction","target":["https:\/\/sanmiguelwritersconference.org\/es\/propuestas-profesorado\/"]}]},{"@type":"BreadcrumbList","@id":"https:\/\/sanmiguelwritersconference.org\/es\/propuestas-profesorado\/#breadcrumb","itemListElement":[{"@type":"ListItem","position":1,"name":"Home","item":"https:\/\/sanmiguelwritersconference.org\/es\/"},{"@type":"ListItem","position":2,"name":"PROPUESTAS PARA EL PROFESORADO"}]},{"@type":"WebSite","@id":"https:\/\/sanmiguelwritersconference.org\/es\/#website","url":"https:\/\/sanmiguelwritersconference.org\/es\/","name":"San Miguel Writers' Conference","description":"\u00a1Viva la Escritura! Viva Writing!","publisher":{"@id":"https:\/\/sanmiguelwritersconference.org\/es\/#organization"},"alternateName":"Festival de Escritores","potentialAction":[{"@type":"SearchAction","target":{"@type":"EntryPoint","urlTemplate":"https:\/\/sanmiguelwritersconference.org\/es\/?s={search_term_string}"},"query-input":{"@type":"PropertyValueSpecification","valueRequired":true,"valueName":"search_term_string"}}],"inLanguage":"es"},{"@type":"Organization","@id":"https:\/\/sanmiguelwritersconference.org\/es\/#organization","name":"San Miguel Writers' Conference","url":"https:\/\/sanmiguelwritersconference.org\/es\/","logo":{"@type":"ImageObject","inLanguage":"es","@id":"https:\/\/sanmiguelwritersconference.org\/es\/#\/schema\/logo\/image\/","url":"https:\/\/sanmiguelwritersconference.org\/wp-content\/uploads\/2022\/08\/SMWC-Logo.png","contentUrl":"https:\/\/sanmiguelwritersconference.org\/wp-content\/uploads\/2022\/08\/SMWC-Logo.png","width":600,"height":223,"caption":"San Miguel Writers' Conference"},"image":{"@id":"https:\/\/sanmiguelwritersconference.org\/es\/#\/schema\/logo\/image\/"},"sameAs":["https:\/\/www.facebook.com\/SMWritersconference\/","https:\/\/x.com\/smawriterscon","https:\/\/www.instagram.com\/sanmiguelliterarysala\/"]}]}},"mfb_rest_fields":["title","yoast_head","yoast_head_json"],"_links":{"self":[{"href":"https:\/\/sanmiguelwritersconference.org\/es\/wp-json\/wp\/v2\/pages\/29262","targetHints":{"allow":["GET"]}}],"collection":[{"href":"https:\/\/sanmiguelwritersconference.org\/es\/wp-json\/wp\/v2\/pages"}],"about":[{"href":"https:\/\/sanmiguelwritersconference.org\/es\/wp-json\/wp\/v2\/types\/page"}],"author":[{"embeddable":true,"href":"https:\/\/sanmiguelwritersconference.org\/es\/wp-json\/wp\/v2\/users\/1"}],"replies":[{"embeddable":true,"href":"https:\/\/sanmiguelwritersconference.org\/es\/wp-json\/wp\/v2\/comments?post=29262"}],"version-history":[{"count":8,"href":"https:\/\/sanmiguelwritersconference.org\/es\/wp-json\/wp\/v2\/pages\/29262\/revisions"}],"predecessor-version":[{"id":29817,"href":"https:\/\/sanmiguelwritersconference.org\/es\/wp-json\/wp\/v2\/pages\/29262\/revisions\/29817"}],"wp:attachment":[{"href":"https:\/\/sanmiguelwritersconference.org\/es\/wp-json\/wp\/v2\/media?parent=29262"}],"curies":[{"name":"wp","href":"https:\/\/api.w.org\/{rel}","templated":true}]}}