{"id":29746,"date":"2026-03-03T11:17:43","date_gmt":"2026-03-03T17:17:43","guid":{"rendered":"https:\/\/sanmiguelwritersconference.org\/register\/"},"modified":"2026-04-01T16:05:48","modified_gmt":"2026-04-01T22:05:48","slug":"registro","status":"publish","type":"page","link":"https:\/\/sanmiguelwritersconference.org\/es\/registro\/","title":{"rendered":"Registro"},"content":{"rendered":"\n<p class=\"has-text-align-center\">Reg\u00edstrate para paquetes o talleres virtuales, o convi\u00e9rtete en patrocinador.<\/p>\n\n\n\n<div class=\"wp-block-columns is-layout-flex wp-container-core-columns-is-layout-28f84493 wp-block-columns-is-layout-flex\">\n<div class=\"wp-block-column paypal-cart is-layout-flow wp-block-column-is-layout-flow\"><paypal-cart-button data-id=\"pp-view-cart\"><\/paypal-cart-button>\n<script>\n  cartPaypal.Cart({ id: \"pp-view-cart\" })\n<\/script><\/p>\n<\/div>\n<\/div>\n\n\n\n<div style=\"height:20px\" aria-hidden=\"true\" class=\"wp-block-spacer\"><\/div>\n\n\n\n<hr class=\"wp-block-separator has-text-color has-accent-1-color has-alpha-channel-opacity has-accent-1-background-color has-background is-style-wide is-style-wide--1\" style=\"margin-top:var(--wp--preset--spacing--50);margin-bottom:var(--wp--preset--spacing--50)\" id=\"talleres-virtuales\"\/>\n\n\n\n<div class=\"wp-block-columns is-layout-flex wp-container-core-columns-is-layout-28f84493 wp-block-columns-is-layout-flex\" id=\"talleres-virtuales\">\n<div class=\"wp-block-column is-layout-flow wp-block-column-is-layout-flow\">\n<h2 class=\"wp-block-heading has-text-align-center has-accent-3-color has-text-color has-link-color has-x-large-font-size wp-elements-3c186c69198dfb33a4c7fd389d6ce1cc\">TALLERES VIRTUALES EN INGL\u00c9S<\/h2>\n\n\n\n<p class=\"has-text-align-center\">Aprende de nuestro profesorado m\u00e1s solicitado.<\/p>\n\n\n\n<div class=\"wp-block-columns is-layout-flex wp-container-core-columns-is-layout-28f84493 wp-block-columns-is-layout-flex\">\n<div class=\"wp-block-column is-layout-flow wp-block-column-is-layout-flow\">\n<h2 class=\"wp-block-heading\"><strong>De la primera p\u00e1gina al acto final con Howard Shrier<\/strong><\/h2>\n\n\n\n<p>Esta clase intensiva de cuatro semanas ayuda a los escritores a dar forma a historias m\u00e1s s\u00f3lidas desde sus cimientos<\/p>\n\n\n\n<p class=\"has-text-align-center has-medium-font-size\">Lee la descripci\u00f3n completa <a href=\"https:\/\/sanmiguelwritersconference.org\/es\/from-first-page-to-final-act-with-howard-shrier\/\">AQU\u00cd<\/a><\/p>\n\n\n<paypal-add-to-cart-button data-id=\"AULUVV9KHZVAL\"><\/paypal-add-to-cart-button>\n<script>\n  cartPaypal.AddToCart({ id: \"AULUVV9KHZVAL\" })\n<\/script><\/p>\n<\/div>\n\n\n\n<div class=\"wp-block-column is-layout-flow wp-block-column-is-layout-flow\">\n<h2 class=\"wp-block-heading\"><strong>De la chispa a la historia: Fundamentos de la ficci\u00f3n<\/strong> <strong>con Mayra Cuevas<\/strong><\/h2>\n\n\n\n<p>Este curso fundamental de ficci\u00f3n de cuatro semanas que gu\u00eda a los escritores a trav\u00e9s de los elementos esenciales de la creaci\u00f3n de una novela.<\/p>\n\n\n\n<p class=\"has-text-align-center has-medium-font-size\">Lee la descripci\u00f3n completa <a href=\"https:\/\/sanmiguelwritersconference.org\/es\/from-spark-to-story-a-4-week-foundations-of-fiction-with-mayra-cuevas\/\">AQU\u00cd<\/a><\/p>\n\n\n<paypal-add-to-cart-button data-id=\"ZUBXMNQNK7QZL\"><\/paypal-add-to-cart-button>\n<script>\n  cartPaypal.AddToCart({ id: \"ZUBXMNQNK7QZL\" })\n<\/script><\/p>\n<\/div>\n\n\n\n<div class=\"wp-block-column is-layout-flow wp-block-column-is-layout-flow\">\n<h2 class=\"wp-block-heading\"><strong>Breve, agudo, verdadero: Exploraciones en la memoria rel\u00e1mpago con Lori Horvitz<\/strong><\/h2>\n\n\n\n<p>Esta clase intensiva de cuatro semanas explora escribir una memoria rel\u00e1mpago (<em>flash memoir<\/em>).<\/p>\n\n\n\n<p class=\"has-text-align-center has-medium-font-size\">Lee la descripci\u00f3n completa <a href=\"https:\/\/sanmiguelwritersconference.org\/es\/short-sharp-true-explorations-in-flash-memoir-with-lori-horvitz\/\">AQU\u00cd<\/a><\/p>\n\n\n<paypal-add-to-cart-button data-id=\"CTS4UWNVW5RRY\"><\/paypal-add-to-cart-button>\n<script>\n  cartPaypal.AddToCart({ id: \"CTS4UWNVW5RRY\" })\n<\/script><\/p>\n<\/div>\n<\/div>\n<\/div>\n<\/div>\n\n\n\n<hr class=\"wp-block-separator has-text-color has-accent-1-color has-alpha-channel-opacity has-accent-1-background-color has-background is-style-wide is-style-wide--2\" style=\"margin-top:var(--wp--preset--spacing--50);margin-bottom:var(--wp--preset--spacing--50)\" id=\"patrocinadores\"\/>\n\n\n\n<div class=\"wp-block-columns is-layout-flex wp-container-core-columns-is-layout-28f84493 wp-block-columns-is-layout-flex\">\n<div class=\"wp-block-column is-layout-flow wp-block-column-is-layout-flow\">\n<h2 class=\"wp-block-heading has-text-align-center has-accent-3-color has-text-color has-link-color has-x-large-font-size wp-elements-b467171652df8f29bed500d9fc13b592\">PATROCINADORES<\/h2>\n\n\n\n<p class=\"has-text-align-center\">Inf\u00f3rmate sobre los paquetes <a href=\"https:\/\/sanmiguelwritersconference.org\/es\/patron-opportunities\/\">AQU\u00cd<\/a><\/p>\n\n\n\n<p class=\"has-text-align-center\">Te invitamos a convertirte en Patrocinador. Disfrutar\u00e1s de una experiencia distintiva del Festival mientras proporcionas el apoyo del que dependemos para ofrecer nuestros eventos de clase mundial. IMPORTANTE: Si requires FACTURA, por favor contacta a Diana Guerra en registrar@sanmiguelwritersconference.org antes de registrarte.<\/p>\n\n\n\n<div class=\"wp-block-columns is-layout-flex wp-container-core-columns-is-layout-28f84493 wp-block-columns-is-layout-flex\">\n<div class=\"wp-block-column is-layout-flow wp-block-column-is-layout-flow\"><paypal-add-to-cart-button data-id=\"KV7EX2K98R2J2\"><\/paypal-add-to-cart-button>\n<script>\n  cartPaypal.AddToCart({ id: \"KV7EX2K98R2J2\" })\n<\/script><\/p>\n<\/div>\n\n\n\n<div class=\"wp-block-column is-layout-flow wp-block-column-is-layout-flow\"><paypal-add-to-cart-button data-id=\"PS57ZR88EKU7G\"><\/paypal-add-to-cart-button>\n<script>\n  cartPaypal.AddToCart({ id: \"PS57ZR88EKU7G\" })\n<\/script><\/p>\n<\/div>\n\n\n\n<div class=\"wp-block-column is-layout-flow wp-block-column-is-layout-flow\"><paypal-add-to-cart-button data-id=\"CT8JXJVUXRCD2\"><\/paypal-add-to-cart-button>\n<script>\n  cartPaypal.AddToCart({ id: \"CT8JXJVUXRCD2\" })\n<\/script><\/p>\n<\/div>\n<\/div>\n\n\n\n<div class=\"wp-block-columns is-layout-flex wp-container-core-columns-is-layout-28f84493 wp-block-columns-is-layout-flex\">\n<div class=\"wp-block-column is-layout-flow wp-block-column-is-layout-flow\"><paypal-add-to-cart-button data-id=\"X6AKPQ2K5KDF2\"><\/paypal-add-to-cart-button>\n<script>\n  cartPaypal.AddToCart({ id: \"X6AKPQ2K5KDF2\" })\n<\/script><\/p>\n<\/div>\n\n\n\n<div class=\"wp-block-column is-layout-flow wp-block-column-is-layout-flow\"><paypal-add-to-cart-button data-id=\"X6CSBRYM74SCC\"><\/paypal-add-to-cart-button>\n<script>\n  cartPaypal.AddToCart({ id: \"X6CSBRYM74SCC\" })\n<\/script><\/p>\n<\/div>\n\n\n\n<div class=\"wp-block-column is-layout-flow wp-block-column-is-layout-flow\"><paypal-add-to-cart-button data-id=\"U877SQUPWF3VE\"><\/paypal-add-to-cart-button>\n<script>\n  cartPaypal.AddToCart({ id: \"U877SQUPWF3VE\" })\n<\/script><\/p>\n<\/div>\n<\/div>\n<\/div>\n<\/div>\n\n\n\n<hr class=\"wp-block-separator has-text-color has-accent-1-color has-alpha-channel-opacity has-accent-1-background-color has-background is-style-wide is-style-wide--3\" style=\"margin-top:var(--wp--preset--spacing--50);margin-bottom:var(--wp--preset--spacing--50)\" id=\"paquetes\"\/>\n\n\n\n<div class=\"wp-block-columns is-layout-flex wp-container-core-columns-is-layout-28f84493 wp-block-columns-is-layout-flex\">\n<div class=\"wp-block-column is-layout-flow wp-block-column-is-layout-flow\">\n<h2 class=\"wp-block-heading has-text-align-center has-accent-3-color has-text-color has-link-color has-x-large-font-size wp-elements-74dca9ae40469fe44a2f7f0e6bd69f49\">PAQUETES 2027<\/h2>\n\n\n\n<p class=\"has-text-align-center\">La pre-venta ha terminado. Regresa en <strong>agosto<\/strong>, cuando tendremos los Paquetes 2027 disponibles.<\/p>\n\n\n\n<div class=\"wp-block-columns is-layout-flex wp-container-core-columns-is-layout-28f84493 wp-block-columns-is-layout-flex\">\n<div class=\"wp-block-column is-layout-flow wp-block-column-is-layout-flow\">\n<h2 class=\"wp-block-heading has-accent-3-color has-text-color has-link-color wp-elements-875ff3b818fbc626c31a10d82ea97551\">Paquete <strong>\u00abLa Obra Completa\u00bb<\/strong><\/h2>\n\n\n\n<p>Incluye:<\/p>\n\n\n\n<ul class=\"wp-block-list\">\n<li>Conferencias Magistrales y Paneles<\/li>\n\n\n\n<li>Recepciones de Inauguraci\u00f3n y Clausura<\/li>\n\n\n\n<li>Fiesta<\/li>\n\n\n\n<li>Talleres Diarios<\/li>\n\n\n\n<li>Talleres Intensivos<\/li>\n\n\n\n<li>Una Mesa Redonda con Conferencista Magistral<\/li>\n\n\n\n<li>Eventos Gratuitos: Micros Abiertos, Am\u00e9rica Lee, Lecturas de Autores, C\u00edrculo de Poes\u00eda y Canci\u00f3n, C\u00edrculos de Discusi\u00f3n, etc.<\/li>\n<\/ul>\n<\/div>\n\n\n\n<div class=\"wp-block-column is-layout-flow wp-block-column-is-layout-flow\">\n<h2 class=\"wp-block-heading\">Paquete \u00abLo Esencial\u00bb<\/h2>\n\n\n\n<p>Incluye:<\/p>\n\n\n\n<ul class=\"wp-block-list\">\n<li>Conferencias Magistrales y Paneles<\/li>\n\n\n\n<li>Recepciones de Inaguraci\u00f3n  y Clausura<\/li>\n\n\n\n<li>Fiesta<\/li>\n\n\n\n<li>Eventos Gratuitos: Micros Abiertos, Am\u00e9rica Lee, Lecturas de Autores, C\u00edrculo de Poes\u00eda y Canci\u00f3n, C\u00edrculos de Discusi\u00f3n, etc.<\/li>\n<\/ul>\n\n\n\n<p><em>Ten en cuenta que los talleres, los intensivos y la mesa redonda principal no est\u00e1n incluidos en el Paquete <\/em>\u00abLo Esencial\u00bb<em>.<\/em><\/p>\n<\/div>\n<\/div>\n<\/div>\n<\/div>\n","protected":false},"excerpt":{"rendered":"<p>Reg\u00edstrate para paquetes o talleres virtuales, o convi\u00e9rtete en patrocinador. TALLERES VIRTUALES EN INGL\u00c9S Aprende de nuestro profesorado m\u00e1s solicitado. De la primera p\u00e1gina al acto final con Howard Shrier Esta clase intensiva de cuatro semanas ayuda a los escritores a dar forma a historias m\u00e1s s\u00f3lidas desde sus cimientos Lee la descripci\u00f3n completa AQU\u00cd [&hellip;]<\/p>\n","protected":false},"author":1,"featured_media":0,"parent":0,"menu_order":0,"comment_status":"closed","ping_status":"closed","template":"","meta":{"_eb_attr":"","footnotes":""},"class_list":["post-29746","page","type-page","status-publish","hentry"],"mb":[],"yoast_head":"<!-- This site is optimized with the Yoast SEO plugin v27.3 - https:\/\/yoast.com\/product\/yoast-seo-wordpress\/ -->\n<title>Registro | San Miguel Writers&#039; Conference and Literary Festival<\/title>\n<meta name=\"robots\" content=\"index, follow, max-snippet:-1, max-image-preview:large, max-video-preview:-1\" \/>\n<link rel=\"canonical\" href=\"https:\/\/sanmiguelwritersconference.org\/es\/registro\/\" \/>\n<meta property=\"og:locale\" content=\"es_ES\" \/>\n<meta property=\"og:type\" content=\"article\" \/>\n<meta property=\"og:title\" content=\"Registro | San Miguel Writers&#039; Conference and Literary Festival\" \/>\n<meta property=\"og:description\" content=\"Reg\u00edstrate para paquetes o talleres virtuales, o convi\u00e9rtete en patrocinador. TALLERES VIRTUALES EN INGL\u00c9S Aprende de nuestro profesorado m\u00e1s solicitado. De la primera p\u00e1gina al acto final con Howard Shrier Esta clase intensiva de cuatro semanas ayuda a los escritores a dar forma a historias m\u00e1s s\u00f3lidas desde sus cimientos Lee la descripci\u00f3n completa AQU\u00cd [&hellip;]\" \/>\n<meta property=\"og:url\" content=\"https:\/\/sanmiguelwritersconference.org\/es\/registro\/\" \/>\n<meta property=\"og:site_name\" content=\"San Miguel Writers&#039; Conference and Literary Festival\" \/>\n<meta property=\"article:publisher\" content=\"https:\/\/www.facebook.com\/SMWritersconference\/\" \/>\n<meta property=\"article:modified_time\" content=\"2026-04-01T22:05:48+00:00\" \/>\n<meta property=\"og:image\" content=\"https:\/\/sanmiguelwritersconference.org\/wp-content\/uploads\/2024\/06\/WRITERS-CONFERENCE-ARTWORK-2025.jpg\" \/>\n\t<meta property=\"og:image:width\" content=\"1594\" \/>\n\t<meta property=\"og:image:height\" content=\"1617\" \/>\n\t<meta property=\"og:image:type\" content=\"image\/jpeg\" \/>\n<meta name=\"twitter:card\" content=\"summary_large_image\" \/>\n<meta name=\"twitter:site\" content=\"@smawriterscon\" \/>\n<script type=\"application\/ld+json\" class=\"yoast-schema-graph\">{\"@context\":\"https:\\\/\\\/schema.org\",\"@graph\":[{\"@type\":\"WebPage\",\"@id\":\"https:\\\/\\\/sanmiguelwritersconference.org\\\/es\\\/registro\\\/\",\"url\":\"https:\\\/\\\/sanmiguelwritersconference.org\\\/es\\\/registro\\\/\",\"name\":\"Registro | San Miguel Writers&#039; Conference and Literary Festival\",\"isPartOf\":{\"@id\":\"https:\\\/\\\/sanmiguelwritersconference.org\\\/es\\\/#website\"},\"datePublished\":\"2026-03-03T17:17:43+00:00\",\"dateModified\":\"2026-04-01T22:05:48+00:00\",\"breadcrumb\":{\"@id\":\"https:\\\/\\\/sanmiguelwritersconference.org\\\/es\\\/registro\\\/#breadcrumb\"},\"inLanguage\":\"es\",\"potentialAction\":[{\"@type\":\"ReadAction\",\"target\":[\"https:\\\/\\\/sanmiguelwritersconference.org\\\/es\\\/registro\\\/\"]}]},{\"@type\":\"BreadcrumbList\",\"@id\":\"https:\\\/\\\/sanmiguelwritersconference.org\\\/es\\\/registro\\\/#breadcrumb\",\"itemListElement\":[{\"@type\":\"ListItem\",\"position\":1,\"name\":\"Home\",\"item\":\"https:\\\/\\\/sanmiguelwritersconference.org\\\/es\\\/\"},{\"@type\":\"ListItem\",\"position\":2,\"name\":\"Registro\"}]},{\"@type\":\"WebSite\",\"@id\":\"https:\\\/\\\/sanmiguelwritersconference.org\\\/es\\\/#website\",\"url\":\"https:\\\/\\\/sanmiguelwritersconference.org\\\/es\\\/\",\"name\":\"San Miguel Writers' Conference\",\"description\":\"\u00a1Viva la Escritura! Viva Writing!\",\"publisher\":{\"@id\":\"https:\\\/\\\/sanmiguelwritersconference.org\\\/es\\\/#organization\"},\"alternateName\":\"Festival de Escritores\",\"potentialAction\":[{\"@type\":\"SearchAction\",\"target\":{\"@type\":\"EntryPoint\",\"urlTemplate\":\"https:\\\/\\\/sanmiguelwritersconference.org\\\/es\\\/?s={search_term_string}\"},\"query-input\":{\"@type\":\"PropertyValueSpecification\",\"valueRequired\":true,\"valueName\":\"search_term_string\"}}],\"inLanguage\":\"es\"},{\"@type\":\"Organization\",\"@id\":\"https:\\\/\\\/sanmiguelwritersconference.org\\\/es\\\/#organization\",\"name\":\"San Miguel Writers' Conference\",\"url\":\"https:\\\/\\\/sanmiguelwritersconference.org\\\/es\\\/\",\"logo\":{\"@type\":\"ImageObject\",\"inLanguage\":\"es\",\"@id\":\"https:\\\/\\\/sanmiguelwritersconference.org\\\/es\\\/#\\\/schema\\\/logo\\\/image\\\/\",\"url\":\"https:\\\/\\\/sanmiguelwritersconference.org\\\/wp-content\\\/uploads\\\/2022\\\/08\\\/SMWC-Logo.png\",\"contentUrl\":\"https:\\\/\\\/sanmiguelwritersconference.org\\\/wp-content\\\/uploads\\\/2022\\\/08\\\/SMWC-Logo.png\",\"width\":600,\"height\":223,\"caption\":\"San Miguel Writers' Conference\"},\"image\":{\"@id\":\"https:\\\/\\\/sanmiguelwritersconference.org\\\/es\\\/#\\\/schema\\\/logo\\\/image\\\/\"},\"sameAs\":[\"https:\\\/\\\/www.facebook.com\\\/SMWritersconference\\\/\",\"https:\\\/\\\/x.com\\\/smawriterscon\",\"https:\\\/\\\/www.instagram.com\\\/sanmiguelliterarysala\\\/\"]}]}<\/script>\n<!-- \/ Yoast SEO plugin. -->","yoast_head_json":{"title":"Registro | San Miguel Writers&#039; Conference and Literary Festival","robots":{"index":"index","follow":"follow","max-snippet":"max-snippet:-1","max-image-preview":"max-image-preview:large","max-video-preview":"max-video-preview:-1"},"canonical":"https:\/\/sanmiguelwritersconference.org\/es\/registro\/","og_locale":"es_ES","og_type":"article","og_title":"Registro | San Miguel Writers&#039; Conference and Literary Festival","og_description":"Reg\u00edstrate para paquetes o talleres virtuales, o convi\u00e9rtete en patrocinador. TALLERES VIRTUALES EN INGL\u00c9S Aprende de nuestro profesorado m\u00e1s solicitado. De la primera p\u00e1gina al acto final con Howard Shrier Esta clase intensiva de cuatro semanas ayuda a los escritores a dar forma a historias m\u00e1s s\u00f3lidas desde sus cimientos Lee la descripci\u00f3n completa AQU\u00cd [&hellip;]","og_url":"https:\/\/sanmiguelwritersconference.org\/es\/registro\/","og_site_name":"San Miguel Writers&#039; Conference and Literary Festival","article_publisher":"https:\/\/www.facebook.com\/SMWritersconference\/","article_modified_time":"2026-04-01T22:05:48+00:00","og_image":[{"width":1594,"height":1617,"url":"https:\/\/sanmiguelwritersconference.org\/wp-content\/uploads\/2024\/06\/WRITERS-CONFERENCE-ARTWORK-2025.jpg","type":"image\/jpeg"}],"twitter_card":"summary_large_image","twitter_site":"@smawriterscon","schema":{"@context":"https:\/\/schema.org","@graph":[{"@type":"WebPage","@id":"https:\/\/sanmiguelwritersconference.org\/es\/registro\/","url":"https:\/\/sanmiguelwritersconference.org\/es\/registro\/","name":"Registro | San Miguel Writers&#039; Conference and Literary Festival","isPartOf":{"@id":"https:\/\/sanmiguelwritersconference.org\/es\/#website"},"datePublished":"2026-03-03T17:17:43+00:00","dateModified":"2026-04-01T22:05:48+00:00","breadcrumb":{"@id":"https:\/\/sanmiguelwritersconference.org\/es\/registro\/#breadcrumb"},"inLanguage":"es","potentialAction":[{"@type":"ReadAction","target":["https:\/\/sanmiguelwritersconference.org\/es\/registro\/"]}]},{"@type":"BreadcrumbList","@id":"https:\/\/sanmiguelwritersconference.org\/es\/registro\/#breadcrumb","itemListElement":[{"@type":"ListItem","position":1,"name":"Home","item":"https:\/\/sanmiguelwritersconference.org\/es\/"},{"@type":"ListItem","position":2,"name":"Registro"}]},{"@type":"WebSite","@id":"https:\/\/sanmiguelwritersconference.org\/es\/#website","url":"https:\/\/sanmiguelwritersconference.org\/es\/","name":"San Miguel Writers' Conference","description":"\u00a1Viva la Escritura! Viva Writing!","publisher":{"@id":"https:\/\/sanmiguelwritersconference.org\/es\/#organization"},"alternateName":"Festival de Escritores","potentialAction":[{"@type":"SearchAction","target":{"@type":"EntryPoint","urlTemplate":"https:\/\/sanmiguelwritersconference.org\/es\/?s={search_term_string}"},"query-input":{"@type":"PropertyValueSpecification","valueRequired":true,"valueName":"search_term_string"}}],"inLanguage":"es"},{"@type":"Organization","@id":"https:\/\/sanmiguelwritersconference.org\/es\/#organization","name":"San Miguel Writers' Conference","url":"https:\/\/sanmiguelwritersconference.org\/es\/","logo":{"@type":"ImageObject","inLanguage":"es","@id":"https:\/\/sanmiguelwritersconference.org\/es\/#\/schema\/logo\/image\/","url":"https:\/\/sanmiguelwritersconference.org\/wp-content\/uploads\/2022\/08\/SMWC-Logo.png","contentUrl":"https:\/\/sanmiguelwritersconference.org\/wp-content\/uploads\/2022\/08\/SMWC-Logo.png","width":600,"height":223,"caption":"San Miguel Writers' Conference"},"image":{"@id":"https:\/\/sanmiguelwritersconference.org\/es\/#\/schema\/logo\/image\/"},"sameAs":["https:\/\/www.facebook.com\/SMWritersconference\/","https:\/\/x.com\/smawriterscon","https:\/\/www.instagram.com\/sanmiguelliterarysala\/"]}]}},"mfb_rest_fields":["title","yoast_head","yoast_head_json"],"_links":{"self":[{"href":"https:\/\/sanmiguelwritersconference.org\/es\/wp-json\/wp\/v2\/pages\/29746","targetHints":{"allow":["GET"]}}],"collection":[{"href":"https:\/\/sanmiguelwritersconference.org\/es\/wp-json\/wp\/v2\/pages"}],"about":[{"href":"https:\/\/sanmiguelwritersconference.org\/es\/wp-json\/wp\/v2\/types\/page"}],"author":[{"embeddable":true,"href":"https:\/\/sanmiguelwritersconference.org\/es\/wp-json\/wp\/v2\/users\/1"}],"replies":[{"embeddable":true,"href":"https:\/\/sanmiguelwritersconference.org\/es\/wp-json\/wp\/v2\/comments?post=29746"}],"version-history":[{"count":16,"href":"https:\/\/sanmiguelwritersconference.org\/es\/wp-json\/wp\/v2\/pages\/29746\/revisions"}],"predecessor-version":[{"id":29919,"href":"https:\/\/sanmiguelwritersconference.org\/es\/wp-json\/wp\/v2\/pages\/29746\/revisions\/29919"}],"wp:attachment":[{"href":"https:\/\/sanmiguelwritersconference.org\/es\/wp-json\/wp\/v2\/media?parent=29746"}],"curies":[{"name":"wp","href":"https:\/\/api.w.org\/{rel}","templated":true}]}}