{"id":29800,"date":"2026-03-05T10:08:17","date_gmt":"2026-03-05T16:08:17","guid":{"rendered":"https:\/\/sanmiguelwritersconference.org\/from-spark-to-story-a-4-week-foundations-of-fiction-with-mayra-cuevas\/"},"modified":"2026-03-09T13:06:58","modified_gmt":"2026-03-09T19:06:58","slug":"from-spark-to-story-a-4-week-foundations-of-fiction-with-mayra-cuevas","status":"publish","type":"page","link":"https:\/\/sanmiguelwritersconference.org\/es\/from-spark-to-story-a-4-week-foundations-of-fiction-with-mayra-cuevas\/","title":{"rendered":"De la chispa a la historia: Fundamentos de la ficci\u00f3n con Mayra Cuevas"},"content":{"rendered":"\n<p>Toda gran novela comienza con una idea, pero convertir esa chispa en un manuscrito cautivador requiere t\u00e9cnica e intenci\u00f3n.&nbsp;<em>De la chispa a la historia<\/em>&nbsp;es un curso fundamental de ficci\u00f3n de cuatro semanas que gu\u00eda a los escritores a trav\u00e9s de los elementos esenciales de la creaci\u00f3n de una novela, incluyendo la premisa, el personaje, la trama, la estructura, la tensi\u00f3n, el di\u00e1logo y la voz.<\/p>\n\n\n\n<p>Ya sea que est\u00e9s comenzando desde cero o trabajando en un borrador inacabado, este curso ofrece herramientas pr\u00e1cticas, ejercicios enfocados y una visi\u00f3n profesional para ayudarte a evitar errores comunes y desarrollar tu idea hasta convertirla en una historia con extensi\u00f3n de novela.<\/p>\n\n\n\n<p>Dirigido por la galardonada autora y profesora de escritura creativa a nivel maestr\u00eda (MFA), Mayra Cuevas, este taller es ideal para escritores principiantes e intermedios listos para pasar de la inspiraci\u00f3n a la ejecuci\u00f3n.<\/p>\n\n\n\n<ul class=\"wp-block-list\">\n<li><strong>Taller virtual<\/strong><\/li>\n\n\n\n<li><strong>$495 USD<\/strong><\/li>\n\n\n\n<li><strong>Fechas:<\/strong>&nbsp;martes 5, 12, 19 y 26 de mayo<\/li>\n\n\n\n<li><strong>Horario:<\/strong>\u00a02:00 \u2013 3:30 p. m. hora de San Miguel de Allende (SMA)<\/li>\n<\/ul>\n\n\n\n<div class=\"wp-block-essential-blocks-button  root-eb-button-sro42\"><div class=\"eb-parent-wrapper eb-parent-eb-button-sro42 \"><div class=\"eb-button-wrapper eb-button-alignment eb-button-sro42\"><div class=\"eb-button\"><div class=\"eb-button-inner-wrapper \"><a class=\"eb-button-anchor  \" href=\"https:\/\/sanmiguelwritersconference.org\/es\/registro\/#talleres-virtuales\" rel=\"noopener\">REGISTER HERE<\/a><\/div><\/div><\/div><\/div><\/div>\n\n\n\n<p>\u00bfPreguntas? Por favor escribe a marketing@sanmiguelwritersconference.org<\/p>\n","protected":false},"excerpt":{"rendered":"<p>Toda gran novela comienza con una idea, pero convertir esa chispa en un manuscrito cautivador requiere t\u00e9cnica e intenci\u00f3n.&nbsp;De la chispa a la historia&nbsp;es un curso fundamental de ficci\u00f3n de cuatro semanas que gu\u00eda a los escritores a trav\u00e9s de los elementos esenciales de la creaci\u00f3n de una novela, incluyendo la premisa, el personaje, la [&hellip;]<\/p>\n","protected":false},"author":1,"featured_media":0,"parent":0,"menu_order":0,"comment_status":"closed","ping_status":"closed","template":"","meta":{"_eb_attr":"","footnotes":""},"class_list":["post-29800","page","type-page","status-publish","hentry"],"mb":[],"yoast_head":"<!-- This site is optimized with the Yoast SEO plugin v27.3 - https:\/\/yoast.com\/product\/yoast-seo-wordpress\/ -->\n<title>De la chispa a la historia: Fundamentos de la ficci\u00f3n con Mayra Cuevas | San Miguel Writers&#039; Conference and Literary Festival<\/title>\n<meta name=\"robots\" content=\"index, follow, max-snippet:-1, max-image-preview:large, max-video-preview:-1\" \/>\n<link rel=\"canonical\" href=\"https:\/\/sanmiguelwritersconference.org\/es\/from-spark-to-story-a-4-week-foundations-of-fiction-with-mayra-cuevas\/\" \/>\n<meta property=\"og:locale\" content=\"es_ES\" \/>\n<meta property=\"og:type\" content=\"article\" \/>\n<meta property=\"og:title\" content=\"De la chispa a la historia: Fundamentos de la ficci\u00f3n con Mayra Cuevas | San Miguel Writers&#039; Conference and Literary Festival\" \/>\n<meta property=\"og:description\" content=\"Toda gran novela comienza con una idea, pero convertir esa chispa en un manuscrito cautivador requiere t\u00e9cnica e intenci\u00f3n.&nbsp;De la chispa a la historia&nbsp;es un curso fundamental de ficci\u00f3n de cuatro semanas que gu\u00eda a los escritores a trav\u00e9s de los elementos esenciales de la creaci\u00f3n de una novela, incluyendo la premisa, el personaje, la [&hellip;]\" \/>\n<meta property=\"og:url\" content=\"https:\/\/sanmiguelwritersconference.org\/es\/from-spark-to-story-a-4-week-foundations-of-fiction-with-mayra-cuevas\/\" \/>\n<meta property=\"og:site_name\" content=\"San Miguel Writers&#039; Conference and Literary Festival\" \/>\n<meta property=\"article:publisher\" content=\"https:\/\/www.facebook.com\/SMWritersconference\/\" \/>\n<meta property=\"article:modified_time\" content=\"2026-03-09T19:06:58+00:00\" \/>\n<meta property=\"og:image\" content=\"https:\/\/sanmiguelwritersconference.org\/wp-content\/uploads\/2024\/06\/WRITERS-CONFERENCE-ARTWORK-2025.jpg\" \/>\n\t<meta property=\"og:image:width\" content=\"1594\" \/>\n\t<meta property=\"og:image:height\" content=\"1617\" \/>\n\t<meta property=\"og:image:type\" content=\"image\/jpeg\" \/>\n<meta name=\"twitter:card\" content=\"summary_large_image\" \/>\n<meta name=\"twitter:site\" content=\"@smawriterscon\" \/>\n<script type=\"application\/ld+json\" class=\"yoast-schema-graph\">{\"@context\":\"https:\\\/\\\/schema.org\",\"@graph\":[{\"@type\":\"WebPage\",\"@id\":\"https:\\\/\\\/sanmiguelwritersconference.org\\\/es\\\/from-spark-to-story-a-4-week-foundations-of-fiction-with-mayra-cuevas\\\/\",\"url\":\"https:\\\/\\\/sanmiguelwritersconference.org\\\/es\\\/from-spark-to-story-a-4-week-foundations-of-fiction-with-mayra-cuevas\\\/\",\"name\":\"De la chispa a la historia: Fundamentos de la ficci\u00f3n con Mayra Cuevas | San Miguel Writers&#039; Conference and Literary Festival\",\"isPartOf\":{\"@id\":\"https:\\\/\\\/sanmiguelwritersconference.org\\\/es\\\/#website\"},\"datePublished\":\"2026-03-05T16:08:17+00:00\",\"dateModified\":\"2026-03-09T19:06:58+00:00\",\"breadcrumb\":{\"@id\":\"https:\\\/\\\/sanmiguelwritersconference.org\\\/es\\\/from-spark-to-story-a-4-week-foundations-of-fiction-with-mayra-cuevas\\\/#breadcrumb\"},\"inLanguage\":\"es\",\"potentialAction\":[{\"@type\":\"ReadAction\",\"target\":[\"https:\\\/\\\/sanmiguelwritersconference.org\\\/es\\\/from-spark-to-story-a-4-week-foundations-of-fiction-with-mayra-cuevas\\\/\"]}]},{\"@type\":\"BreadcrumbList\",\"@id\":\"https:\\\/\\\/sanmiguelwritersconference.org\\\/es\\\/from-spark-to-story-a-4-week-foundations-of-fiction-with-mayra-cuevas\\\/#breadcrumb\",\"itemListElement\":[{\"@type\":\"ListItem\",\"position\":1,\"name\":\"Home\",\"item\":\"https:\\\/\\\/sanmiguelwritersconference.org\\\/es\\\/\"},{\"@type\":\"ListItem\",\"position\":2,\"name\":\"De la chispa a la historia: Fundamentos de la ficci\u00f3n con Mayra Cuevas\"}]},{\"@type\":\"WebSite\",\"@id\":\"https:\\\/\\\/sanmiguelwritersconference.org\\\/es\\\/#website\",\"url\":\"https:\\\/\\\/sanmiguelwritersconference.org\\\/es\\\/\",\"name\":\"San Miguel Writers' Conference\",\"description\":\"\u00a1Viva la Escritura! Viva Writing!\",\"publisher\":{\"@id\":\"https:\\\/\\\/sanmiguelwritersconference.org\\\/es\\\/#organization\"},\"alternateName\":\"Festival de Escritores\",\"potentialAction\":[{\"@type\":\"SearchAction\",\"target\":{\"@type\":\"EntryPoint\",\"urlTemplate\":\"https:\\\/\\\/sanmiguelwritersconference.org\\\/es\\\/?s={search_term_string}\"},\"query-input\":{\"@type\":\"PropertyValueSpecification\",\"valueRequired\":true,\"valueName\":\"search_term_string\"}}],\"inLanguage\":\"es\"},{\"@type\":\"Organization\",\"@id\":\"https:\\\/\\\/sanmiguelwritersconference.org\\\/es\\\/#organization\",\"name\":\"San Miguel Writers' Conference\",\"url\":\"https:\\\/\\\/sanmiguelwritersconference.org\\\/es\\\/\",\"logo\":{\"@type\":\"ImageObject\",\"inLanguage\":\"es\",\"@id\":\"https:\\\/\\\/sanmiguelwritersconference.org\\\/es\\\/#\\\/schema\\\/logo\\\/image\\\/\",\"url\":\"https:\\\/\\\/sanmiguelwritersconference.org\\\/wp-content\\\/uploads\\\/2022\\\/08\\\/SMWC-Logo.png\",\"contentUrl\":\"https:\\\/\\\/sanmiguelwritersconference.org\\\/wp-content\\\/uploads\\\/2022\\\/08\\\/SMWC-Logo.png\",\"width\":600,\"height\":223,\"caption\":\"San Miguel Writers' Conference\"},\"image\":{\"@id\":\"https:\\\/\\\/sanmiguelwritersconference.org\\\/es\\\/#\\\/schema\\\/logo\\\/image\\\/\"},\"sameAs\":[\"https:\\\/\\\/www.facebook.com\\\/SMWritersconference\\\/\",\"https:\\\/\\\/x.com\\\/smawriterscon\",\"https:\\\/\\\/www.instagram.com\\\/sanmiguelliterarysala\\\/\"]}]}<\/script>\n<!-- \/ Yoast SEO plugin. -->","yoast_head_json":{"title":"De la chispa a la historia: Fundamentos de la ficci\u00f3n con Mayra Cuevas | San Miguel Writers&#039; Conference and Literary Festival","robots":{"index":"index","follow":"follow","max-snippet":"max-snippet:-1","max-image-preview":"max-image-preview:large","max-video-preview":"max-video-preview:-1"},"canonical":"https:\/\/sanmiguelwritersconference.org\/es\/from-spark-to-story-a-4-week-foundations-of-fiction-with-mayra-cuevas\/","og_locale":"es_ES","og_type":"article","og_title":"De la chispa a la historia: Fundamentos de la ficci\u00f3n con Mayra Cuevas | San Miguel Writers&#039; Conference and Literary Festival","og_description":"Toda gran novela comienza con una idea, pero convertir esa chispa en un manuscrito cautivador requiere t\u00e9cnica e intenci\u00f3n.&nbsp;De la chispa a la historia&nbsp;es un curso fundamental de ficci\u00f3n de cuatro semanas que gu\u00eda a los escritores a trav\u00e9s de los elementos esenciales de la creaci\u00f3n de una novela, incluyendo la premisa, el personaje, la [&hellip;]","og_url":"https:\/\/sanmiguelwritersconference.org\/es\/from-spark-to-story-a-4-week-foundations-of-fiction-with-mayra-cuevas\/","og_site_name":"San Miguel Writers&#039; Conference and Literary Festival","article_publisher":"https:\/\/www.facebook.com\/SMWritersconference\/","article_modified_time":"2026-03-09T19:06:58+00:00","og_image":[{"width":1594,"height":1617,"url":"https:\/\/sanmiguelwritersconference.org\/wp-content\/uploads\/2024\/06\/WRITERS-CONFERENCE-ARTWORK-2025.jpg","type":"image\/jpeg"}],"twitter_card":"summary_large_image","twitter_site":"@smawriterscon","schema":{"@context":"https:\/\/schema.org","@graph":[{"@type":"WebPage","@id":"https:\/\/sanmiguelwritersconference.org\/es\/from-spark-to-story-a-4-week-foundations-of-fiction-with-mayra-cuevas\/","url":"https:\/\/sanmiguelwritersconference.org\/es\/from-spark-to-story-a-4-week-foundations-of-fiction-with-mayra-cuevas\/","name":"De la chispa a la historia: Fundamentos de la ficci\u00f3n con Mayra Cuevas | San Miguel Writers&#039; Conference and Literary Festival","isPartOf":{"@id":"https:\/\/sanmiguelwritersconference.org\/es\/#website"},"datePublished":"2026-03-05T16:08:17+00:00","dateModified":"2026-03-09T19:06:58+00:00","breadcrumb":{"@id":"https:\/\/sanmiguelwritersconference.org\/es\/from-spark-to-story-a-4-week-foundations-of-fiction-with-mayra-cuevas\/#breadcrumb"},"inLanguage":"es","potentialAction":[{"@type":"ReadAction","target":["https:\/\/sanmiguelwritersconference.org\/es\/from-spark-to-story-a-4-week-foundations-of-fiction-with-mayra-cuevas\/"]}]},{"@type":"BreadcrumbList","@id":"https:\/\/sanmiguelwritersconference.org\/es\/from-spark-to-story-a-4-week-foundations-of-fiction-with-mayra-cuevas\/#breadcrumb","itemListElement":[{"@type":"ListItem","position":1,"name":"Home","item":"https:\/\/sanmiguelwritersconference.org\/es\/"},{"@type":"ListItem","position":2,"name":"De la chispa a la historia: Fundamentos de la ficci\u00f3n con Mayra Cuevas"}]},{"@type":"WebSite","@id":"https:\/\/sanmiguelwritersconference.org\/es\/#website","url":"https:\/\/sanmiguelwritersconference.org\/es\/","name":"San Miguel Writers' Conference","description":"\u00a1Viva la Escritura! Viva Writing!","publisher":{"@id":"https:\/\/sanmiguelwritersconference.org\/es\/#organization"},"alternateName":"Festival de Escritores","potentialAction":[{"@type":"SearchAction","target":{"@type":"EntryPoint","urlTemplate":"https:\/\/sanmiguelwritersconference.org\/es\/?s={search_term_string}"},"query-input":{"@type":"PropertyValueSpecification","valueRequired":true,"valueName":"search_term_string"}}],"inLanguage":"es"},{"@type":"Organization","@id":"https:\/\/sanmiguelwritersconference.org\/es\/#organization","name":"San Miguel Writers' Conference","url":"https:\/\/sanmiguelwritersconference.org\/es\/","logo":{"@type":"ImageObject","inLanguage":"es","@id":"https:\/\/sanmiguelwritersconference.org\/es\/#\/schema\/logo\/image\/","url":"https:\/\/sanmiguelwritersconference.org\/wp-content\/uploads\/2022\/08\/SMWC-Logo.png","contentUrl":"https:\/\/sanmiguelwritersconference.org\/wp-content\/uploads\/2022\/08\/SMWC-Logo.png","width":600,"height":223,"caption":"San Miguel Writers' Conference"},"image":{"@id":"https:\/\/sanmiguelwritersconference.org\/es\/#\/schema\/logo\/image\/"},"sameAs":["https:\/\/www.facebook.com\/SMWritersconference\/","https:\/\/x.com\/smawriterscon","https:\/\/www.instagram.com\/sanmiguelliterarysala\/"]}]}},"mfb_rest_fields":["title","yoast_head","yoast_head_json"],"_links":{"self":[{"href":"https:\/\/sanmiguelwritersconference.org\/es\/wp-json\/wp\/v2\/pages\/29800","targetHints":{"allow":["GET"]}}],"collection":[{"href":"https:\/\/sanmiguelwritersconference.org\/es\/wp-json\/wp\/v2\/pages"}],"about":[{"href":"https:\/\/sanmiguelwritersconference.org\/es\/wp-json\/wp\/v2\/types\/page"}],"author":[{"embeddable":true,"href":"https:\/\/sanmiguelwritersconference.org\/es\/wp-json\/wp\/v2\/users\/1"}],"replies":[{"embeddable":true,"href":"https:\/\/sanmiguelwritersconference.org\/es\/wp-json\/wp\/v2\/comments?post=29800"}],"version-history":[{"count":3,"href":"https:\/\/sanmiguelwritersconference.org\/es\/wp-json\/wp\/v2\/pages\/29800\/revisions"}],"predecessor-version":[{"id":29812,"href":"https:\/\/sanmiguelwritersconference.org\/es\/wp-json\/wp\/v2\/pages\/29800\/revisions\/29812"}],"wp:attachment":[{"href":"https:\/\/sanmiguelwritersconference.org\/es\/wp-json\/wp\/v2\/media?parent=29800"}],"curies":[{"name":"wp","href":"https:\/\/api.w.org\/{rel}","templated":true}]}}